{"id":123,"date":"2015-11-22T13:35:55","date_gmt":"2015-11-22T12:35:55","guid":{"rendered":"http:\/\/quellencheck.de\/?page_id=123"},"modified":"2022-01-16T11:46:11","modified_gmt":"2022-01-16T10:46:11","slug":"pruefpfad-impressum-fehlt","status":"publish","type":"page","link":"https:\/\/quellencheck.de\/?page_id=123","title":{"rendered":"Pr\u00fcfpfad | Impressum fehlt"},"content":{"rendered":"\n<p>Wenn die Internetseite kein Impressum hat, ist das ein Indiz f\u00fcr fehlende Seriosit\u00e4t oder nicht vorhandene Professionalit\u00e4t. Vielleicht hat der Anbieter etwas zu verbergen oder er hat diese Angaben vergessen. In Deutschland ist das Impressum jedoch Pflicht.<\/p>\n\n\n\n<p>Es gibt aber auch andere M\u00f6glichkeiten, den Inhaber einer Seite zu finden.<\/p>\n\n\n\n<p>Endet der Name der von ihnen \u00fcberpr\u00fcften Seite auf &#8222;.de&#8220;?<\/p>\n\n\n\n<div class=\"wp-block-columns is-layout-flex wp-container-3 wp-block-columns-is-layout-flex\">\n<div class=\"wp-block-column is-layout-flow wp-block-column-is-layout-flow\">\n<a href=\"http:\/\/quellencheck.de\/?page_id=129\" class=\"su-button su-button-style-default\" style=\"color:#FFFFFF;background-color:#3e813e;border-color:#326832;border-radius:5px;-moz-border-radius:5px;-webkit-border-radius:5px\" target=\"_self\"><span style=\"color:#FFFFFF;padding:0px 16px;font-size:13px;line-height:26px;border-color:#78a778;border-radius:5px;-moz-border-radius:5px;-webkit-border-radius:5px;text-shadow:none;-moz-text-shadow:none;-webkit-text-shadow:none\"> Ja<\/span><\/a><br><\/p>\n<\/div>\n\n\n\n<div class=\"wp-block-column is-layout-flow wp-block-column-is-layout-flow\"><a href=\"http:\/\/quellencheck.de\/?page_id=141\" class=\"su-button su-button-style-default\" style=\"color:#FFFFFF;background-color:#c82d1b;border-color:#a02416;border-radius:5px;-moz-border-radius:5px;-webkit-border-radius:5px\" target=\"_self\"><span style=\"color:#FFFFFF;padding:0px 16px;font-size:13px;line-height:26px;border-color:#d96c60;border-radius:5px;-moz-border-radius:5px;-webkit-border-radius:5px;text-shadow:none;-moz-text-shadow:none;-webkit-text-shadow:none\"> Nein.<\/span><\/a>\n<\/div>\n<\/div>\n\n\n\n<p><\/p>\n","protected":false},"excerpt":{"rendered":"<p>Wenn die Internetseite kein Impressum hat, ist das ein Indiz f\u00fcr fehlende Seriosit\u00e4t oder nicht vorhandene Professionalit\u00e4t. Vielleicht hat der Anbieter etwas zu verbergen oder er hat diese Angaben vergessen. In Deutschland ist das Impressum jedoch Pflicht. Es gibt aber auch andere M\u00f6glichkeiten, den Inhaber einer Seite zu finden. Endet der Name der von ihnen [&hellip;]<\/p>\n","protected":false},"author":1,"featured_media":0,"parent":15,"menu_order":5060,"comment_status":"closed","ping_status":"closed","template":"","meta":{"footnotes":""},"_links":{"self":[{"href":"https:\/\/quellencheck.de\/index.php?rest_route=\/wp\/v2\/pages\/123"}],"collection":[{"href":"https:\/\/quellencheck.de\/index.php?rest_route=\/wp\/v2\/pages"}],"about":[{"href":"https:\/\/quellencheck.de\/index.php?rest_route=\/wp\/v2\/types\/page"}],"author":[{"embeddable":true,"href":"https:\/\/quellencheck.de\/index.php?rest_route=\/wp\/v2\/users\/1"}],"replies":[{"embeddable":true,"href":"https:\/\/quellencheck.de\/index.php?rest_route=%2Fwp%2Fv2%2Fcomments&post=123"}],"version-history":[{"count":8,"href":"https:\/\/quellencheck.de\/index.php?rest_route=\/wp\/v2\/pages\/123\/revisions"}],"predecessor-version":[{"id":992,"href":"https:\/\/quellencheck.de\/index.php?rest_route=\/wp\/v2\/pages\/123\/revisions\/992"}],"up":[{"embeddable":true,"href":"https:\/\/quellencheck.de\/index.php?rest_route=\/wp\/v2\/pages\/15"}],"wp:attachment":[{"href":"https:\/\/quellencheck.de\/index.php?rest_route=%2Fwp%2Fv2%2Fmedia&parent=123"}],"curies":[{"name":"wp","href":"https:\/\/api.w.org\/{rel}","templated":true}]}}