{"id":129,"date":"2015-11-22T13:49:31","date_gmt":"2015-11-22T12:49:31","guid":{"rendered":"http:\/\/quellencheck.de\/?page_id=129"},"modified":"2022-01-30T16:20:52","modified_gmt":"2022-01-30T15:20:52","slug":"pruefpfad-inhaber-der-seite-bei-denic-suchen","status":"publish","type":"page","link":"https:\/\/quellencheck.de\/?page_id=129","title":{"rendered":"Pr\u00fcfpfad | Inhaber der Seite bei DENIC suchen"},"content":{"rendered":"\n<p>Den Inhaber einer Seite mit der Endung &#8222;.de&#8220; kann man auch \u00fcber DENIC finden. Die DENIC verwaltet in Deutschland die Domains, also die Namen der Internetseiten. Die entsprechende Seite ist weiter unten verlinkt. Lesen Sie sich aber zuerst einmal die Anleitung durch.<\/p>\n\n\n\n<p>Auf dem Formular werden sie zun\u00e4chst nach dem Namen der Seite gefragt (&#8222;Domain&#8220;). Geben Sie diesen ohne Zus\u00e4tze wie &#8222;www&#8220; oder &#8222;de&#8220; an, also beispielsweises &#8222;quellencheck&#8220;. Die Gro\u00df- und Kleinschreibung ist dabei egal.<\/p>\n\n\n\n<div class=\"wp-block-image\"><figure class=\"alignright\"><a href=\"http:\/\/quellencheck.de\/wp-content\/uploads\/2015\/11\/DENIC1.jpg\"><img decoding=\"async\" loading=\"lazy\" width=\"534\" height=\"177\" src=\"http:\/\/quellencheck.de\/wp-content\/uploads\/2015\/11\/DENIC1.jpg\" alt=\"Domainabfrage bei DENIC | Eingabe der Domain\" class=\"wp-image-131\" srcset=\"https:\/\/quellencheck.de\/wp-content\/uploads\/2015\/11\/DENIC1.jpg 534w, https:\/\/quellencheck.de\/wp-content\/uploads\/2015\/11\/DENIC1-300x99.jpg 300w\" sizes=\"(max-width: 534px) 100vw, 534px\" \/><\/a><figcaption>Domainabfrage bei DENIC | Eingabe der Domain<\/figcaption><\/figure><\/div>\n\n\n\n<p>Wenn Sie nun auf Abfrage starten, werden Sie nach der Zahlen- und Buchstabenkombination gefragt, die auf einem Foto zu sehen ist. Die Abfrage findet statt, damit nicht Computerprogramme diese Angaben automatisch auslesen k\u00f6nnen. Danach bekommen Sie dann die Informationen \u00fcber den Domaininhaber. In Fall von &#8222;quellencheck&#8220; sah das Ergebnis so aus:<\/p>\n\n\n\n<div class=\"wp-block-image\"><figure class=\"alignright\"><a href=\"http:\/\/quellencheck.de\/wp-content\/uploads\/2015\/11\/DENIC2.jpg\"><img decoding=\"async\" loading=\"lazy\" width=\"493\" height=\"325\" src=\"http:\/\/quellencheck.de\/wp-content\/uploads\/2015\/11\/DENIC2.jpg\" alt=\"Domainabfrage bei DENIC | Angaben zum Domaininhaber\" class=\"wp-image-135\" srcset=\"https:\/\/quellencheck.de\/wp-content\/uploads\/2015\/11\/DENIC2.jpg 493w, https:\/\/quellencheck.de\/wp-content\/uploads\/2015\/11\/DENIC2-300x198.jpg 300w\" sizes=\"(max-width: 493px) 100vw, 493px\" \/><\/a><figcaption>Domainabfrage bei DENIC | Angaben zum Domaininhaber<\/figcaption><\/figure><\/div>\n\n\n\n<p>Inzwischen lassen sich diese Angaben nicht mehr ohne weiteres \u00f6ffentlich abrufen. Es gibt nur noch Ausnahmen, die <a rel=\"noreferrer noopener\" href=\"https:\/\/www.denic.de\/service\/whois-service\/anfragen-dritter-zu-inhaberdaten\/\" target=\"_blank\">hier<\/a> aufgelistet sind, unter denen Sie die Daten einsehen k\u00f6nnen.<\/p>\n\n\n\n<p>Weiterhin werden Sie aber noch \u00fcber den administrativen und technischen Ansprechpartner sowie \u00fcber den Zonenverwalter informiert. Kopieren Sie die Informationen, die Sie brauchen in ein Textverarbeitungsprogramm, welches Sie sicherlich schon ge\u00f6ffnet haben und in dem Sie alle Informationen sammeln. Anschlie\u00dfend k\u00f6nnen Sie die DENIC-Seite schlie\u00dfen und hier her zur\u00fcckkommen.<\/p>\n\n\n\n<p>Dann k\u00f6nnen Sie jetzt starten: Bitte klicken Sie jetzt <a href=\"https:\/\/www.denic.de\/domains\/whois-service\/web-whois.html\" target=\"_blank\" rel=\"noopener\">hier<\/a>, um zur <a href=\"https:\/\/www.denic.de\/domains\/whois-service\/web-whois.html\" target=\"_blank\" rel=\"noopener\">DENIC-Domainabfrage<\/a> zu kommen.<\/p>\n\n\n\n<p>Jetzt gibt es keine Alternative. Sie k\u00f6nnen nur noch weiterkommen. Das ist doch auch einmal sch\u00f6n. Oder?<\/p>\n\n\n<a href=\"http:\/\/quellencheck.de\/?page_id=168\" class=\"su-button su-button-style-default\" style=\"color:#FFFFFF;background-color:#3e813e;border-color:#326832;border-radius:5px;-moz-border-radius:5px;-webkit-border-radius:5px\" target=\"_self\"><span style=\"color:#FFFFFF;padding:0px 16px;font-size:13px;line-height:26px;border-color:#78a778;border-radius:5px;-moz-border-radius:5px;-webkit-border-radius:5px;text-shadow:none;-moz-text-shadow:none;-webkit-text-shadow:none\"> Weiter<\/span><\/a>\n","protected":false},"excerpt":{"rendered":"<p>Den Inhaber einer Seite mit der Endung &#8222;.de&#8220; kann man auch \u00fcber DENIC finden. Die DENIC verwaltet in Deutschland die Domains, also die Namen der Internetseiten. Die entsprechende Seite ist weiter unten verlinkt. Lesen Sie sich aber zuerst einmal die Anleitung durch. Auf dem Formular werden sie zun\u00e4chst nach dem Namen der Seite gefragt (&#8222;Domain&#8220;). [&hellip;]<\/p>\n","protected":false},"author":1,"featured_media":0,"parent":15,"menu_order":5070,"comment_status":"closed","ping_status":"closed","template":"","meta":{"footnotes":""},"_links":{"self":[{"href":"https:\/\/quellencheck.de\/index.php?rest_route=\/wp\/v2\/pages\/129"}],"collection":[{"href":"https:\/\/quellencheck.de\/index.php?rest_route=\/wp\/v2\/pages"}],"about":[{"href":"https:\/\/quellencheck.de\/index.php?rest_route=\/wp\/v2\/types\/page"}],"author":[{"embeddable":true,"href":"https:\/\/quellencheck.de\/index.php?rest_route=\/wp\/v2\/users\/1"}],"replies":[{"embeddable":true,"href":"https:\/\/quellencheck.de\/index.php?rest_route=%2Fwp%2Fv2%2Fcomments&post=129"}],"version-history":[{"count":16,"href":"https:\/\/quellencheck.de\/index.php?rest_route=\/wp\/v2\/pages\/129\/revisions"}],"predecessor-version":[{"id":1023,"href":"https:\/\/quellencheck.de\/index.php?rest_route=\/wp\/v2\/pages\/129\/revisions\/1023"}],"up":[{"embeddable":true,"href":"https:\/\/quellencheck.de\/index.php?rest_route=\/wp\/v2\/pages\/15"}],"wp:attachment":[{"href":"https:\/\/quellencheck.de\/index.php?rest_route=%2Fwp%2Fv2%2Fmedia&parent=129"}],"curies":[{"name":"wp","href":"https:\/\/api.w.org\/{rel}","templated":true}]}}