{"id":143,"date":"2015-11-22T16:20:17","date_gmt":"2015-11-22T15:20:17","guid":{"rendered":"http:\/\/quellencheck.de\/?page_id=143"},"modified":"2022-01-27T20:06:18","modified_gmt":"2022-01-27T19:06:18","slug":"pruefpfad-impressum-gefunden","status":"publish","type":"page","link":"https:\/\/quellencheck.de\/?page_id=143","title":{"rendered":"Pr\u00fcfpfad | Impressum gefunden"},"content":{"rendered":"\n<p>Prima. Sie haben das Impressum gefunden. Hier m\u00fcsste der Name eine verantwortlichen Person und die dazugeh\u00f6rige Adresse samt Kontaktdaten stehen. So sah \u00fcbrigens das Impressum bei QuellenCheck in der Anfangszeit aus. Die Angaben sind inzwischen nicht mehr aktuell.<\/p>\n\n\n\n<figure class=\"wp-block-image alignnone\"><a href=\"http:\/\/quellencheck.de\/wp-content\/uploads\/2015\/11\/Impressum.jpg\"><img decoding=\"async\" loading=\"lazy\" width=\"1257\" height=\"435\" src=\"http:\/\/quellencheck.de\/wp-content\/uploads\/2015\/11\/Impressum.jpg\" alt=\"Impressum der QuellenCheck-Seite\" class=\"wp-image-144\" srcset=\"https:\/\/quellencheck.de\/wp-content\/uploads\/2015\/11\/Impressum.jpg 1257w, https:\/\/quellencheck.de\/wp-content\/uploads\/2015\/11\/Impressum-300x104.jpg 300w, https:\/\/quellencheck.de\/wp-content\/uploads\/2015\/11\/Impressum-1024x354.jpg 1024w\" sizes=\"(max-width: 1257px) 100vw, 1257px\" \/><\/a><figcaption>Impressum der QuellenCheck-Seite im alten Outfit<\/figcaption><\/figure>\n\n\n\n<p>Bitte kopieren Sie die Daten von der Seite und tragen Sie dann in die Seite ihres Textverarbeitungsprogramm ein, die Sie hoffentlich schon ge\u00f6ffnet haben. Sie wissen ja: Hier sammeln Sie alle Informationen.<\/p>\n\n\n\n<p>Endet der Name der von ihnen \u00fcberpr\u00fcften Seite auf &#8222;.de&#8220;?<\/p>\n\n\n\n<div class=\"wp-block-columns is-layout-flex wp-container-3 wp-block-columns-is-layout-flex\">\n<div class=\"wp-block-column is-layout-flow wp-block-column-is-layout-flow\">\n<a href=\"http:\/\/quellencheck.de\/?page_id=129\" class=\"su-button su-button-style-default\" style=\"color:#FFFFFF;background-color:#3e813e;border-color:#326832;border-radius:5px;-moz-border-radius:5px;-webkit-border-radius:5px\" target=\"_self\"><span style=\"color:#FFFFFF;padding:0px 16px;font-size:13px;line-height:26px;border-color:#78a778;border-radius:5px;-moz-border-radius:5px;-webkit-border-radius:5px;text-shadow:none;-moz-text-shadow:none;-webkit-text-shadow:none\"> Ja<\/span><\/a><br><\/p>\n<\/div>\n\n\n\n<div class=\"wp-block-column is-layout-flow wp-block-column-is-layout-flow\">\n<a href=\"http:\/\/quellencheck.de\/?page_id=141\" class=\"su-button su-button-style-default\" style=\"color:#FFFFFF;background-color:#c82d1b;border-color:#a02416;border-radius:5px;-moz-border-radius:5px;-webkit-border-radius:5px\" target=\"_self\"><span style=\"color:#FFFFFF;padding:0px 16px;font-size:13px;line-height:26px;border-color:#d96c60;border-radius:5px;-moz-border-radius:5px;-webkit-border-radius:5px;text-shadow:none;-moz-text-shadow:none;-webkit-text-shadow:none\"> Nein.<\/span><\/a>\n<\/div>\n<\/div>\n\n\n\n<p><\/p>\n","protected":false},"excerpt":{"rendered":"<p>Prima. Sie haben das Impressum gefunden. Hier m\u00fcsste der Name eine verantwortlichen Person und die dazugeh\u00f6rige Adresse samt Kontaktdaten stehen. So sah \u00fcbrigens das Impressum bei QuellenCheck in der Anfangszeit aus. Die Angaben sind inzwischen nicht mehr aktuell. Bitte kopieren Sie die Daten von der Seite und tragen Sie dann in die Seite ihres Textverarbeitungsprogramm [&hellip;]<\/p>\n","protected":false},"author":1,"featured_media":0,"parent":15,"menu_order":5075,"comment_status":"closed","ping_status":"closed","template":"","meta":{"footnotes":""},"_links":{"self":[{"href":"https:\/\/quellencheck.de\/index.php?rest_route=\/wp\/v2\/pages\/143"}],"collection":[{"href":"https:\/\/quellencheck.de\/index.php?rest_route=\/wp\/v2\/pages"}],"about":[{"href":"https:\/\/quellencheck.de\/index.php?rest_route=\/wp\/v2\/types\/page"}],"author":[{"embeddable":true,"href":"https:\/\/quellencheck.de\/index.php?rest_route=\/wp\/v2\/users\/1"}],"replies":[{"embeddable":true,"href":"https:\/\/quellencheck.de\/index.php?rest_route=%2Fwp%2Fv2%2Fcomments&post=143"}],"version-history":[{"count":10,"href":"https:\/\/quellencheck.de\/index.php?rest_route=\/wp\/v2\/pages\/143\/revisions"}],"predecessor-version":[{"id":1010,"href":"https:\/\/quellencheck.de\/index.php?rest_route=\/wp\/v2\/pages\/143\/revisions\/1010"}],"up":[{"embeddable":true,"href":"https:\/\/quellencheck.de\/index.php?rest_route=\/wp\/v2\/pages\/15"}],"wp:attachment":[{"href":"https:\/\/quellencheck.de\/index.php?rest_route=%2Fwp%2Fv2%2Fmedia&parent=143"}],"curies":[{"name":"wp","href":"https:\/\/api.w.org\/{rel}","templated":true}]}}