{"id":15,"date":"2015-11-18T13:58:34","date_gmt":"2015-11-18T12:58:34","guid":{"rendered":"http:\/\/quellencheck.de\/?page_id=15"},"modified":"2018-09-18T11:04:38","modified_gmt":"2018-09-18T09:04:38","slug":"pruefpfad","status":"publish","type":"page","link":"https:\/\/quellencheck.de\/?page_id=15","title":{"rendered":"Pr\u00fcfpfad"},"content":{"rendered":"<p>Wunderbar. Gehen wir auf den Pr\u00fcfpfad. Suchen Sie sich daf\u00fcr einfach eine Nachricht oder eine Meldung heraus, die Sie \u00fcberpr\u00fcfen wollen. Fragen und Antworten helfen ihnen dann weiter. <\/p>\n<p>Eine Bitte: \u00d6ffnen Sie eine Seite ihres Textverarbeitungsprogrammes (Word o.\u00e4), damit Sie Ergebnisse ihrer Suche jeweils in die Seite kopieren k\u00f6nnen. Es ist dann ihr digitaler Notizblock. Das ist wichtig, denn diese Seite wird nichts f\u00fcr Sie speichern. Sie allein sind verantwortlich f\u00fcr ihre Informationen.<\/p>\n<p>Am Ende stellen sich folgende Fragen &#8211; Sie k\u00f6nnen ja schon w\u00e4hrend des Pr\u00fcfpfades nach Antworten suchen:<\/p>\n<ul>\n<li>Werden alle Aussagen und Behauptungen belegt?<\/li>\n<li>Sind Quellen vorhanden?<\/li>\n<li>Gibt sich der Autor des Textes zu erkennen oder versteckt er sich?<\/li>\n<li>Hat der Autor vielleicht gewisse Interessen, weil er in einer Partei ist?<\/li>\n<li>Und kann er deshalb nicht m\u00f6glichst neutral und objektiv sein?<\/li>\n<li>Gibt es (bislang ungekl\u00e4rte) Abh\u00e4ngigkeitsverh\u00e4ltnisse?<\/li>\n<\/ul>\n<p>Dann kann es jetzt los gehen. Jeder Abschnitt des Pr\u00fcfpfades endet \u00fcbrigens mit einer Buttonleiste, wo Sie zwischen unterschiedlichen M\u00f6glichkeiten ausw\u00e4hlen k\u00f6nnen oder aber, wie hier, einfach nur &#8222;Weiter&#8220; anklicken m\u00fcssen.<\/p>\n<a href=\"http:\/\/quellencheck.de\/?page_id=28\" class=\"su-button su-button-style-default\" style=\"color:#FFFFFF;background-color:#3e813e;border-color:#326832;border-radius:5px;-moz-border-radius:5px;-webkit-border-radius:5px\" target=\"_self\"><span style=\"color:#FFFFFF;padding:0px 16px;font-size:13px;line-height:26px;border-color:#78a778;border-radius:5px;-moz-border-radius:5px;-webkit-border-radius:5px;text-shadow:none;-moz-text-shadow:none;-webkit-text-shadow:none\"> Weiter<\/span><\/a>\n","protected":false},"excerpt":{"rendered":"<p>Wunderbar. Gehen wir auf den Pr\u00fcfpfad. Suchen Sie sich daf\u00fcr einfach eine Nachricht oder eine Meldung heraus, die Sie \u00fcberpr\u00fcfen wollen. Fragen und Antworten helfen ihnen dann weiter. Eine Bitte: \u00d6ffnen Sie eine Seite ihres Textverarbeitungsprogrammes (Word o.\u00e4), damit Sie Ergebnisse ihrer Suche jeweils in die Seite kopieren k\u00f6nnen. Es ist dann ihr digitaler Notizblock. [&hellip;]<\/p>\n","protected":false},"author":1,"featured_media":0,"parent":0,"menu_order":5000,"comment_status":"closed","ping_status":"closed","template":"","meta":{"footnotes":""},"_links":{"self":[{"href":"https:\/\/quellencheck.de\/index.php?rest_route=\/wp\/v2\/pages\/15"}],"collection":[{"href":"https:\/\/quellencheck.de\/index.php?rest_route=\/wp\/v2\/pages"}],"about":[{"href":"https:\/\/quellencheck.de\/index.php?rest_route=\/wp\/v2\/types\/page"}],"author":[{"embeddable":true,"href":"https:\/\/quellencheck.de\/index.php?rest_route=\/wp\/v2\/users\/1"}],"replies":[{"embeddable":true,"href":"https:\/\/quellencheck.de\/index.php?rest_route=%2Fwp%2Fv2%2Fcomments&post=15"}],"version-history":[{"count":27,"href":"https:\/\/quellencheck.de\/index.php?rest_route=\/wp\/v2\/pages\/15\/revisions"}],"predecessor-version":[{"id":783,"href":"https:\/\/quellencheck.de\/index.php?rest_route=\/wp\/v2\/pages\/15\/revisions\/783"}],"wp:attachment":[{"href":"https:\/\/quellencheck.de\/index.php?rest_route=%2Fwp%2Fv2%2Fmedia&parent=15"}],"curies":[{"name":"wp","href":"https:\/\/api.w.org\/{rel}","templated":true}]}}