{"id":175,"date":"2015-11-22T18:46:48","date_gmt":"2015-11-22T17:46:48","guid":{"rendered":"http:\/\/quellencheck.de\/?page_id=175"},"modified":"2015-11-22T19:11:59","modified_gmt":"2015-11-22T18:11:59","slug":"pruefpfad-domainendung-com","status":"publish","type":"page","link":"https:\/\/quellencheck.de\/?page_id=175","title":{"rendered":"Pr\u00fcfpfad | Internationale Domainendung"},"content":{"rendered":"<p>Den Inhaber einer Homepage mit der Endung &#8222;.com&#8220;, &#8222;.org&#8220; oder anderen internationalen Endungen kann man bei United Domains finden. Die entsprechende Seite ist weiter unten verlinkt. Lesen Sie sich aber zuerst einmal die Anleitung durch.<\/p>\n<p>Auf dem Formular werden sie zun\u00e4chst nach dem Namen der Seite gefragt. Geben Sie dabei keinen Zusatz, wie etwa &#8222;www&#8220; an. Lediglich der Name und die Endung m\u00fcssen mit Punkt ausgeschrieben werden. Die Gro\u00df- und Kleinschreibung ist dabei egal. Schreiben Sie also beispielsweise &#8222;google.com&#8220;.<br \/>\n<figure id=\"attachment_178\" aria-describedby=\"caption-attachment-178\" style=\"width: 480px\" class=\"wp-caption alignnone\"><a href=\"http:\/\/quellencheck.de\/wp-content\/uploads\/2015\/11\/UD1.jpg\"><img decoding=\"async\" loading=\"lazy\" src=\"http:\/\/quellencheck.de\/wp-content\/uploads\/2015\/11\/UD1.jpg\" alt=\"Whois-Abfrage bei United Internet\" width=\"480\" height=\"231\" class=\"size-full wp-image-178\" srcset=\"https:\/\/quellencheck.de\/wp-content\/uploads\/2015\/11\/UD1.jpg 480w, https:\/\/quellencheck.de\/wp-content\/uploads\/2015\/11\/UD1-300x144.jpg 300w\" sizes=\"(max-width: 480px) 100vw, 480px\" \/><\/a><figcaption id=\"caption-attachment-178\" class=\"wp-caption-text\">Whois-Abfrage bei United Internet<\/figcaption><\/figure>\nKLicken Sie dann den Button &#8222;Pr\u00fcfen&#8220; und Sie lesen mehr \u00fcber den Domaininhaber. In Fall von &#8222;google.com&#8220; sieht das Ergebnis so aus (Telefonnummern und E-Mailadressen sind verfremdet):<\/p>\n<figure id=\"attachment_181\" aria-describedby=\"caption-attachment-181\" style=\"width: 555px\" class=\"wp-caption alignnone\"><a href=\"http:\/\/quellencheck.de\/wp-content\/uploads\/2015\/11\/UD2.jpg\"><img decoding=\"async\" loading=\"lazy\" src=\"http:\/\/quellencheck.de\/wp-content\/uploads\/2015\/11\/UD2.jpg\" alt=\"Angaben zu Google.com\" width=\"555\" height=\"485\" class=\"size-full wp-image-181\" srcset=\"https:\/\/quellencheck.de\/wp-content\/uploads\/2015\/11\/UD2.jpg 555w, https:\/\/quellencheck.de\/wp-content\/uploads\/2015\/11\/UD2-300x262.jpg 300w\" sizes=\"(max-width: 555px) 100vw, 555px\" \/><\/a><figcaption id=\"caption-attachment-181\" class=\"wp-caption-text\">Angaben zu  Google.com<\/figcaption><\/figure>\n<p>In diesem Fall wird der Inhaber (&#8222;Registrant&#8220;) zwar nicht namentlich, aber mit allen Adressangaben der Firma genannt. Selbst die Durchwahlnummern erfahren Sie hier. Zus\u00e4tzlich werden Sie noch \u00fcber den administrativen und technischen Ansprechpartner informiert, die in diesem Beispiel identisch mit dem Inhaber sind. Kopieren Sie die Informationen, die Sie brauchen in ein Textverarbeitungsprogramm, welches Sie sicherlich schon ge\u00f6ffnet haben und in dem Sie alle Informationen sammeln. Anschlie\u00dfend k\u00f6nnen Sie die Eurid-Seite schlie\u00dfen und hier her zur\u00fcckkommen.<\/p>\n<p>Soweit die Anleitung. Nun k\u00f6nnen Sie starten: Bitte klicken Sie jetzt <a href=\"https:\/\/www.united-domains.de\/whois-suche\" target=\"_blank\">hier<\/a>, um zum <a href=\"https:\/\/www.united-domains.de\/whois-suche\" target=\"_blank\">WHOIS f\u00fcr internationale Domains<\/a> zu kommen.<\/p>\n<p>Nachdem Sie jetzt die Informationen in ihr Textverarbeitungsprogramm eingetragen haben, gibt es jetzt keine Alternative. Sie k\u00f6nnen nur noch weiterkommen. Das ist doch ist doch sehr praktisch. Oder?<\/p>\n<a href=\"http:\/\/quellencheck.de\/?page_id=168\" class=\"su-button su-button-style-default\" style=\"color:#FFFFFF;background-color:#3e813e;border-color:#326832;border-radius:5px;-moz-border-radius:5px;-webkit-border-radius:5px\" target=\"_self\"><span style=\"color:#FFFFFF;padding:0px 16px;font-size:13px;line-height:26px;border-color:#78a778;border-radius:5px;-moz-border-radius:5px;-webkit-border-radius:5px;text-shadow:none;-moz-text-shadow:none;-webkit-text-shadow:none\"> Weiter<\/span><\/a>\n","protected":false},"excerpt":{"rendered":"<p>Den Inhaber einer Homepage mit der Endung &#8222;.com&#8220;, &#8222;.org&#8220; oder anderen internationalen Endungen kann man bei United Domains finden. Die entsprechende Seite ist weiter unten verlinkt. Lesen Sie sich aber zuerst einmal die Anleitung durch. Auf dem Formular werden sie zun\u00e4chst nach dem Namen der Seite gefragt. Geben Sie dabei keinen Zusatz, wie etwa &#8222;www&#8220; [&hellip;]<\/p>\n","protected":false},"author":1,"featured_media":0,"parent":15,"menu_order":5095,"comment_status":"closed","ping_status":"closed","template":"","meta":{"footnotes":""},"_links":{"self":[{"href":"https:\/\/quellencheck.de\/index.php?rest_route=\/wp\/v2\/pages\/175"}],"collection":[{"href":"https:\/\/quellencheck.de\/index.php?rest_route=\/wp\/v2\/pages"}],"about":[{"href":"https:\/\/quellencheck.de\/index.php?rest_route=\/wp\/v2\/types\/page"}],"author":[{"embeddable":true,"href":"https:\/\/quellencheck.de\/index.php?rest_route=\/wp\/v2\/users\/1"}],"replies":[{"embeddable":true,"href":"https:\/\/quellencheck.de\/index.php?rest_route=%2Fwp%2Fv2%2Fcomments&post=175"}],"version-history":[{"count":8,"href":"https:\/\/quellencheck.de\/index.php?rest_route=\/wp\/v2\/pages\/175\/revisions"}],"predecessor-version":[{"id":190,"href":"https:\/\/quellencheck.de\/index.php?rest_route=\/wp\/v2\/pages\/175\/revisions\/190"}],"up":[{"embeddable":true,"href":"https:\/\/quellencheck.de\/index.php?rest_route=\/wp\/v2\/pages\/15"}],"wp:attachment":[{"href":"https:\/\/quellencheck.de\/index.php?rest_route=%2Fwp%2Fv2%2Fmedia&parent=175"}],"curies":[{"name":"wp","href":"https:\/\/api.w.org\/{rel}","templated":true}]}}