{"id":224,"date":"2015-11-23T15:58:29","date_gmt":"2015-11-23T14:58:29","guid":{"rendered":"http:\/\/quellencheck.de\/?page_id=224"},"modified":"2021-12-21T21:16:38","modified_gmt":"2021-12-21T20:16:38","slug":"pruefpfad-aussagen-ohne-quelle-aufschreiben","status":"publish","type":"page","link":"https:\/\/quellencheck.de\/?page_id=224","title":{"rendered":"Pr\u00fcfpfad | Aussagen ohne Quelle aufschreiben"},"content":{"rendered":"\n<p>Schreiben Sie sich die Aussagen, die nicht durch Quellen belegt werden k\u00f6nnen, auf ihren digitalen Notizzettel &#8211; Sie wissen schon: die Seite der Textverarbeitung.<\/p>\n\n\n\n<p>Aussagen, die nicht belegt werden k\u00f6nnen, sollten nie weiterverbreitet werden. Diese Aussagen m\u00f6gen logisch klingen. Aber Sie pers\u00f6nlich k\u00f6nnen nicht garantieren, dass sie wahr sind. Es k\u00f6nnte also durchaus sein, dass Sie beim Teilen, Kopieren oder Weiterleiten unbewusst eine <strong>L\u00fcge<\/strong> verbreiten. Wollen Sie diese Gefahr eingehen?<\/p>\n\n\n\n<p>Je l\u00e4nger die Liste der nicht durch Quellen belegten Aussagen wird, um so gr\u00f6\u00dfer ist die Wahrscheinlichkeit, dass der gesamte Text nicht belegbar ist.<\/p>\n\n\n\n<p>Sobald Sie die Liste aufgeschrieben haben, geht es weiter. Nutzen Sie daf\u00fcr bitte den gleichnamigen Button.<\/p>\n\n\n<a href=\"http:\/\/quellencheck.de\/?page_id=201\" class=\"su-button su-button-style-default\" style=\"color:#FFFFFF;background-color:#3e813e;border-color:#326832;border-radius:5px;-moz-border-radius:5px;-webkit-border-radius:5px\" target=\"_self\"><span style=\"color:#FFFFFF;padding:0px 16px;font-size:13px;line-height:26px;border-color:#78a778;border-radius:5px;-moz-border-radius:5px;-webkit-border-radius:5px;text-shadow:none;-moz-text-shadow:none;-webkit-text-shadow:none\"> Weiter<\/span><\/a>\n","protected":false},"excerpt":{"rendered":"<p>Schreiben Sie sich die Aussagen, die nicht durch Quellen belegt werden k\u00f6nnen, auf ihren digitalen Notizzettel &#8211; Sie wissen schon: die Seite der Textverarbeitung. Aussagen, die nicht belegt werden k\u00f6nnen, sollten nie weiterverbreitet werden. Diese Aussagen m\u00f6gen logisch klingen. Aber Sie pers\u00f6nlich k\u00f6nnen nicht garantieren, dass sie wahr sind. Es k\u00f6nnte also durchaus sein, dass [&hellip;]<\/p>\n","protected":false},"author":1,"featured_media":0,"parent":15,"menu_order":5004,"comment_status":"closed","ping_status":"closed","template":"","meta":{"footnotes":""},"_links":{"self":[{"href":"https:\/\/quellencheck.de\/index.php?rest_route=\/wp\/v2\/pages\/224"}],"collection":[{"href":"https:\/\/quellencheck.de\/index.php?rest_route=\/wp\/v2\/pages"}],"about":[{"href":"https:\/\/quellencheck.de\/index.php?rest_route=\/wp\/v2\/types\/page"}],"author":[{"embeddable":true,"href":"https:\/\/quellencheck.de\/index.php?rest_route=\/wp\/v2\/users\/1"}],"replies":[{"embeddable":true,"href":"https:\/\/quellencheck.de\/index.php?rest_route=%2Fwp%2Fv2%2Fcomments&post=224"}],"version-history":[{"count":9,"href":"https:\/\/quellencheck.de\/index.php?rest_route=\/wp\/v2\/pages\/224\/revisions"}],"predecessor-version":[{"id":887,"href":"https:\/\/quellencheck.de\/index.php?rest_route=\/wp\/v2\/pages\/224\/revisions\/887"}],"up":[{"embeddable":true,"href":"https:\/\/quellencheck.de\/index.php?rest_route=\/wp\/v2\/pages\/15"}],"wp:attachment":[{"href":"https:\/\/quellencheck.de\/index.php?rest_route=%2Fwp%2Fv2%2Fmedia&parent=224"}],"curies":[{"name":"wp","href":"https:\/\/api.w.org\/{rel}","templated":true}]}}