{"id":240,"date":"2015-11-26T11:28:11","date_gmt":"2015-11-26T10:28:11","guid":{"rendered":"http:\/\/quellencheck.de\/?page_id=240"},"modified":"2021-12-19T13:54:59","modified_gmt":"2021-12-19T12:54:59","slug":"pruefpfad-wer-hat-die-nachricht-geschrieben-oder-geteilt","status":"publish","type":"page","link":"https:\/\/quellencheck.de\/?page_id=240","title":{"rendered":"Pr\u00fcfpfad | Wer hat die Nachricht geschrieben oder geteilt?"},"content":{"rendered":"\n<p>SozialMedia hat einen Vorteil: Es l\u00e4sst sich immer schnell herausfinden, wer eine Nachricht ver\u00f6ffentlicht hat und wo sie eigentlich herkommt. Voraussetzung ist allerdings, dass der richtige Name genannt wird. Sollten sich Personen hinter Fantasienamen verstecken, ist sie als seri\u00f6se Quelle nicht nutzbar. <\/p>\n\n\n\n<p>Ein Beispiel:<\/p>\n\n\n\n<div class=\"su-note\"  style=\"border-color:#e5e54c;border-radius:3px;-moz-border-radius:3px;-webkit-border-radius:3px;\"><div class=\"su-note-inner su-u-clearfix su-u-trim\" style=\"background-color:#FFFF66;border-color:#ffffff;color:#333333;border-radius:3px;-moz-border-radius:3px;-webkit-border-radius:3px;\">Die Nachricht, dass Facebook Geb\u00fchren erheben w\u00fcrde, verbreitete sich 2015 relativ h\u00e4ufig \u00fcber die &#8222;Sozialen Netzwerke&#8220;, ohne dass sie dadurch wahrer wurde. Bis heute gibt es diese Geb\u00fchren nicht.<\/p>\n\n\n\n<figure class=\"wp-block-image alignnone\"><a href=\"http:\/\/quellencheck.de\/wp-content\/uploads\/2015\/11\/Facebook_gebuehren.jpg\"><img decoding=\"async\" loading=\"lazy\" width=\"705\" height=\"553\" src=\"http:\/\/quellencheck.de\/wp-content\/uploads\/2015\/11\/Facebook_gebuehren.jpg\" alt=\"Falschmeldung zu Facebook-Geb\u00fchren\" class=\"wp-image-241\" srcset=\"https:\/\/quellencheck.de\/wp-content\/uploads\/2015\/11\/Facebook_gebuehren.jpg 705w, https:\/\/quellencheck.de\/wp-content\/uploads\/2015\/11\/Facebook_gebuehren-300x235.jpg 300w\" sizes=\"(max-width: 705px) 100vw, 705px\" \/><\/a><figcaption>Falschmeldung zu Facebook-Geb\u00fchren aus dem Jahr 2015 &#8211; bist heute ist nichts davon eingetreten.<\/figcaption><\/figure>\n\n\n\n<p>\u00dcber der Grafik, die diese Falschmeldung verbreitet, steht &#8222;Ma&#8230; hat Sch&#8230; Foto verbreitet&#8220; (Namen sind unkenntlich gemacht worden). Facebook nennt den Namen des anderen Facebook-Nutzers und den der Person, die die Grafik verbreitet hat. &#8222;Ma&#8230;&#8220; ist auf keinen Fall die Ursprungsquelle, denn der hat das Foto nur geteilt. Bei &#8222;Sch&#8230;&#8220; jedoch ist nicht zu erkennen, wo er das Foto her hat. Fragen Sie einfach &#8222;Sch&#8230;&#8220;, woher er die Information hat. Wie? Ganz simpel: Auf dessen Facebook-Profil sollte unter dem gro\u00dfen Titelbild ein Button &#8222;Nachricht&#8220; sein. Klicken Sie den an und Sie k\u00f6nnen &#8222;Sch&#8230;&#8220; eine Facebook-Nachricht senden. Davon abgesehen sollte eine so wichtige Nachricht ja auch auf der Seite der zitierten Firma, in diesem Fall Facebook, stehen. Schauen Sie doch auch da einmal nach. Und denken Sie auch mal kurz logisch nach: &#8222;&#8230;teile diesen Text, um dich dagegen zu wehren?&#8220; Wie wehrt man sich denn durch ein blo\u00dfes Teilen einer Grafik gegen etwas? Nein, wenn Sie das teilen, verbreiten Sie die Falschmeldung ungepr\u00fcft weiter. Lassen Sie es lieber.<\/div><\/div>\n\n\n\n<p>Das Beispiel zeigt, wie Sie an den &#8222;Teiler&#8220; oder sogar an die Ursprungsquelle kommen. Auch bei Texten, die verbreitet werden, k\u00f6nnen Sie, nachvollziehen, wo sie herkommen. Die Informationen zum teilenden Nutzer und zum Teil auch die zur urspr\u00fcnglichen Quelle stehen bei Facebook und anderen SocialMedia-Angeboten meist direkt darunter. <\/p>\n\n\n\n<p>Versuchen Sie durch diese Hinweise m\u00f6glichst nah an die Ursprungsquelle zu kommen.  Wie das geht, erfahren Sie in den n\u00e4chsten Schritten.<\/p>\n\n\n\n<p>Kennen Sie die Person, die den zu untersuchenden Text (im oberen Beispiel im Form einer Grafik) ver\u00f6ffentlicht hat, pers\u00f6nlich?<\/p>\n\n\n\n<div class=\"wp-block-columns is-layout-flex wp-container-3 wp-block-columns-is-layout-flex\">\n<div class=\"wp-block-column is-layout-flow wp-block-column-is-layout-flow\">\n<a href=\"http:\/\/quellencheck.de\/?page_id=252\" class=\"su-button su-button-style-default\" style=\"color:#FFFFFF;background-color:#3e813e;border-color:#326832;border-radius:5px;-moz-border-radius:5px;-webkit-border-radius:5px\" target=\"_self\"><span style=\"color:#FFFFFF;padding:0px 16px;font-size:13px;line-height:26px;border-color:#78a778;border-radius:5px;-moz-border-radius:5px;-webkit-border-radius:5px;text-shadow:none;-moz-text-shadow:none;-webkit-text-shadow:none\"> Ja<\/span><\/a><br><\/p>\n<\/div>\n\n\n\n<div class=\"wp-block-column is-layout-flow wp-block-column-is-layout-flow\">\n<a href=\"http:\/\/quellencheck.de\/?page_id=258\" class=\"su-button su-button-style-default\" style=\"color:#FFFFFF;background-color:#c82d1b;border-color:#a02416;border-radius:5px;-moz-border-radius:5px;-webkit-border-radius:5px\" target=\"_self\"><span style=\"color:#FFFFFF;padding:0px 16px;font-size:13px;line-height:26px;border-color:#d96c60;border-radius:5px;-moz-border-radius:5px;-webkit-border-radius:5px;text-shadow:none;-moz-text-shadow:none;-webkit-text-shadow:none\"> Nein<\/span><\/a>\n<\/div>\n<\/div>\n","protected":false},"excerpt":{"rendered":"<p>SozialMedia hat einen Vorteil: Es l\u00e4sst sich immer schnell herausfinden, wer eine Nachricht ver\u00f6ffentlicht hat und wo sie eigentlich herkommt. Voraussetzung ist allerdings, dass der richtige Name genannt wird. Sollten sich Personen hinter Fantasienamen verstecken, ist sie als seri\u00f6se Quelle nicht nutzbar. Ein Beispiel: Das Beispiel zeigt, wie Sie an den &#8222;Teiler&#8220; oder sogar an [&hellip;]<\/p>\n","protected":false},"author":1,"featured_media":0,"parent":15,"menu_order":5300,"comment_status":"closed","ping_status":"closed","template":"","meta":{"footnotes":""},"_links":{"self":[{"href":"https:\/\/quellencheck.de\/index.php?rest_route=\/wp\/v2\/pages\/240"}],"collection":[{"href":"https:\/\/quellencheck.de\/index.php?rest_route=\/wp\/v2\/pages"}],"about":[{"href":"https:\/\/quellencheck.de\/index.php?rest_route=\/wp\/v2\/types\/page"}],"author":[{"embeddable":true,"href":"https:\/\/quellencheck.de\/index.php?rest_route=\/wp\/v2\/users\/1"}],"replies":[{"embeddable":true,"href":"https:\/\/quellencheck.de\/index.php?rest_route=%2Fwp%2Fv2%2Fcomments&post=240"}],"version-history":[{"count":22,"href":"https:\/\/quellencheck.de\/index.php?rest_route=\/wp\/v2\/pages\/240\/revisions"}],"predecessor-version":[{"id":844,"href":"https:\/\/quellencheck.de\/index.php?rest_route=\/wp\/v2\/pages\/240\/revisions\/844"}],"up":[{"embeddable":true,"href":"https:\/\/quellencheck.de\/index.php?rest_route=\/wp\/v2\/pages\/15"}],"wp:attachment":[{"href":"https:\/\/quellencheck.de\/index.php?rest_route=%2Fwp%2Fv2%2Fmedia&parent=240"}],"curies":[{"name":"wp","href":"https:\/\/api.w.org\/{rel}","templated":true}]}}