{"id":252,"date":"2015-11-26T12:13:35","date_gmt":"2015-11-26T11:13:35","guid":{"rendered":"http:\/\/quellencheck.de\/?page_id=252"},"modified":"2021-12-19T14:06:32","modified_gmt":"2021-12-19T13:06:32","slug":"pruefpfad-bei-bekannten-freunden-einfach-nachfragen","status":"publish","type":"page","link":"https:\/\/quellencheck.de\/?page_id=252","title":{"rendered":"Pr\u00fcfpfad | Bei bekannten Freunden einfach nachfragen"},"content":{"rendered":"\n<p>Prima. Wenn Sie die Person pers\u00f6nlich kennen, fragen Sie einfach nach den eventuell noch fehlenden Best\u00e4tigungen f\u00fcr die Wahrheit des Textes, den Sie untersuchen &#8211; per Telefon, Whats App oder direkt \u00fcber Messenger-Funktion, den ja heute alle SocialMedia-Anbieter haben. Vielleicht kl\u00e4rt sich so alles ohne Probleme.<\/p>\n\n\n<a href=\"http:\/\/quellencheck.de\/?page_id=168\" class=\"su-button su-button-style-default\" style=\"color:#FFFFFF;background-color:#3e813e;border-color:#326832;border-radius:5px;-moz-border-radius:5px;-webkit-border-radius:5px\" target=\"_self\"><span style=\"color:#FFFFFF;padding:0px 16px;font-size:13px;line-height:26px;border-color:#78a778;border-radius:5px;-moz-border-radius:5px;-webkit-border-radius:5px;text-shadow:none;-moz-text-shadow:none;-webkit-text-shadow:none\"> Weiter<\/span><\/a>\n","protected":false},"excerpt":{"rendered":"<p>Prima. Wenn Sie die Person pers\u00f6nlich kennen, fragen Sie einfach nach den eventuell noch fehlenden Best\u00e4tigungen f\u00fcr die Wahrheit des Textes, den Sie untersuchen &#8211; per Telefon, Whats App oder direkt \u00fcber Messenger-Funktion, den ja heute alle SocialMedia-Anbieter haben. Vielleicht kl\u00e4rt sich so alles ohne Probleme.<\/p>\n","protected":false},"author":1,"featured_media":0,"parent":15,"menu_order":5310,"comment_status":"closed","ping_status":"closed","template":"","meta":{"footnotes":""},"_links":{"self":[{"href":"https:\/\/quellencheck.de\/index.php?rest_route=\/wp\/v2\/pages\/252"}],"collection":[{"href":"https:\/\/quellencheck.de\/index.php?rest_route=\/wp\/v2\/pages"}],"about":[{"href":"https:\/\/quellencheck.de\/index.php?rest_route=\/wp\/v2\/types\/page"}],"author":[{"embeddable":true,"href":"https:\/\/quellencheck.de\/index.php?rest_route=\/wp\/v2\/users\/1"}],"replies":[{"embeddable":true,"href":"https:\/\/quellencheck.de\/index.php?rest_route=%2Fwp%2Fv2%2Fcomments&post=252"}],"version-history":[{"count":7,"href":"https:\/\/quellencheck.de\/index.php?rest_route=\/wp\/v2\/pages\/252\/revisions"}],"predecessor-version":[{"id":848,"href":"https:\/\/quellencheck.de\/index.php?rest_route=\/wp\/v2\/pages\/252\/revisions\/848"}],"up":[{"embeddable":true,"href":"https:\/\/quellencheck.de\/index.php?rest_route=\/wp\/v2\/pages\/15"}],"wp:attachment":[{"href":"https:\/\/quellencheck.de\/index.php?rest_route=%2Fwp%2Fv2%2Fmedia&parent=252"}],"curies":[{"name":"wp","href":"https:\/\/api.w.org\/{rel}","templated":true}]}}