{"id":279,"date":"2015-11-27T13:42:10","date_gmt":"2015-11-27T12:42:10","guid":{"rendered":"http:\/\/quellencheck.de\/?page_id=279"},"modified":"2022-01-16T13:25:47","modified_gmt":"2022-01-16T12:25:47","slug":"pruefpfad-nachforschungen-nach-einem-namen","status":"publish","type":"page","link":"https:\/\/quellencheck.de\/?page_id=279","title":{"rendered":"Pr\u00fcfpfad | Nachforschungen nach einem Namen  via Google"},"content":{"rendered":"\n<p>Wer Namen sucht, der bekommt auch Adressen, Telefonnummer oder E-Mails heraus. Das hilft, Zusammenh\u00e4nge zu erkennen. Gleiche Adresse bei unterschiedlichen Namen oder benachbarte Adressen weisen oft darauf hin, dass sich Personen kennen.<\/p>\n\n\n\n<p>Fangen wir erst einmal mit einem Namen an. Am Ende k\u00f6nnen Sie bei der entsprechenden Frage wieder zu eine neue Namenseingabe starten.<\/p>\n\n\n\n<p>Auf dieser Seite k\u00f6nnen Sie mit Hilfe von Google suchen. M\u00f6chten Sie eine andere Suchmaschine nutzen, \u00f6ffnen Sie diese in einem Extra-Fenster oder in einem neuem Tab. <\/p>\n\n\n\n<p>Geben Sie den Vor- und Nachnamen im Abschnitt <strong>Suchbegriff<\/strong> ein, wobei Sie am Anfang und am Ende jeweils Anf\u00fchrungsstriche setzen. Das sieht dann ungef\u00e4hr so aus: <em>&#8222;Vorname Nachname&#8220;<\/em>. Nun klicken Sie auf das Feld mit der Lupe. Dann werden Sie im zun\u00e4chst leeren Abschnitt <strong>Suchergebnisse<\/strong> jede Menge Eintr\u00e4ge zu dem gesuchten Namen finden. Der obere Block ist meist Reklame. Danach wird es dann interessant. Kopieren Sie sich m\u00f6glich viele Informationen einfach in eine Seite ihres Textverarbeitungsprogrammes (Word o.\u00e4) und sammeln Sie dort auch alle weiteren Informationen. Wichtig ist, dass auch die Links mit kopiert werden, ebenfalls die Adressangaben. Je mehr Informationen Sie haben, umso besser. Sp\u00e4ter k\u00f6nnen Sie unben\u00f6tigte Informationen l\u00f6schen. <\/p>\n\n\n\n<h4 class=\"wp-block-heading\">Suchbegriff<\/h4>\n\n\n\n<script async=\"\" src=\"https:\/\/cse.google.com\/cse.js?cx=000373473662014624598:waz6s1rlosy\"><\/script>\n<div class=\"gcse-searchbox\"><\/div>\n\n\n\n<h4 class=\"wp-block-heading\">Suchergebnisse<\/h4>\n\n\n\n<div class=\"gcse-searchresults\"><\/div>\n\n\n\n<p>Wenn es viele Suchergebnisse gibt, k\u00f6nnen Sie entlang der Ziffern weitere Bl\u00f6cke mit Suchergebnissen aufschlagen. Die Anzeige \u00e4ndert sich, Sie verlassen diese Seite bei QuelleCheck. de allerdings nicht. Wenn Sie damit durch sind, dann m\u00fcssen Sie entscheiden und einen der Kn\u00f6pfe anklicken:<\/p>\n\n\n\n<p>Wollen Sie nach einem weiteren Namen recherchieren?<\/p>\n\n\n\n<div class=\"wp-block-columns is-layout-flex wp-container-3 wp-block-columns-is-layout-flex\">\n<div class=\"wp-block-column is-layout-flow wp-block-column-is-layout-flow\">\n<a href=\"http:\/\/quellencheck.de\/?page_id=279\" class=\"su-button su-button-style-default\" style=\"color:#FFFFFF;background-color:#3e813e;border-color:#326832;border-radius:5px;-moz-border-radius:5px;-webkit-border-radius:5px\" target=\"_self\"><span style=\"color:#FFFFFF;padding:0px 16px;font-size:13px;line-height:26px;border-color:#78a778;border-radius:5px;-moz-border-radius:5px;-webkit-border-radius:5px;text-shadow:none;-moz-text-shadow:none;-webkit-text-shadow:none\"> Ja<\/span><\/a><br><\/p>\n<\/div>\n\n\n\n<div class=\"wp-block-column is-layout-flow wp-block-column-is-layout-flow\">\n<a href=\"http:\/\/quellencheck.de\/?page_id=286\" class=\"su-button su-button-style-default\" style=\"color:#FFFFFF;background-color:#c82d1b;border-color:#a02416;border-radius:5px;-moz-border-radius:5px;-webkit-border-radius:5px\" target=\"_self\"><span style=\"color:#FFFFFF;padding:0px 16px;font-size:13px;line-height:26px;border-color:#d96c60;border-radius:5px;-moz-border-radius:5px;-webkit-border-radius:5px;text-shadow:none;-moz-text-shadow:none;-webkit-text-shadow:none\"> Nein.<\/span><\/a>\n<\/div>\n<\/div>\n","protected":false},"excerpt":{"rendered":"<p>Wer Namen sucht, der bekommt auch Adressen, Telefonnummer oder E-Mails heraus. Das hilft, Zusammenh\u00e4nge zu erkennen. Gleiche Adresse bei unterschiedlichen Namen oder benachbarte Adressen weisen oft darauf hin, dass sich Personen kennen. Fangen wir erst einmal mit einem Namen an. Am Ende k\u00f6nnen Sie bei der entsprechenden Frage wieder zu eine neue Namenseingabe starten. Auf [&hellip;]<\/p>\n","protected":false},"author":1,"featured_media":0,"parent":15,"menu_order":5430,"comment_status":"closed","ping_status":"closed","template":"","meta":{"footnotes":""},"_links":{"self":[{"href":"https:\/\/quellencheck.de\/index.php?rest_route=\/wp\/v2\/pages\/279"}],"collection":[{"href":"https:\/\/quellencheck.de\/index.php?rest_route=\/wp\/v2\/pages"}],"about":[{"href":"https:\/\/quellencheck.de\/index.php?rest_route=\/wp\/v2\/types\/page"}],"author":[{"embeddable":true,"href":"https:\/\/quellencheck.de\/index.php?rest_route=\/wp\/v2\/users\/1"}],"replies":[{"embeddable":true,"href":"https:\/\/quellencheck.de\/index.php?rest_route=%2Fwp%2Fv2%2Fcomments&post=279"}],"version-history":[{"count":27,"href":"https:\/\/quellencheck.de\/index.php?rest_route=\/wp\/v2\/pages\/279\/revisions"}],"predecessor-version":[{"id":983,"href":"https:\/\/quellencheck.de\/index.php?rest_route=\/wp\/v2\/pages\/279\/revisions\/983"}],"up":[{"embeddable":true,"href":"https:\/\/quellencheck.de\/index.php?rest_route=\/wp\/v2\/pages\/15"}],"wp:attachment":[{"href":"https:\/\/quellencheck.de\/index.php?rest_route=%2Fwp%2Fv2%2Fmedia&parent=279"}],"curies":[{"name":"wp","href":"https:\/\/api.w.org\/{rel}","templated":true}]}}