{"id":28,"date":"2015-11-18T14:46:23","date_gmt":"2015-11-18T13:46:23","guid":{"rendered":"http:\/\/quellencheck.de\/?page_id=28"},"modified":"2021-12-21T20:43:22","modified_gmt":"2021-12-21T19:43:22","slug":"pruefpfad-sind-quellen-erkenntlich","status":"publish","type":"page","link":"https:\/\/quellencheck.de\/?page_id=28","title":{"rendered":"Pr\u00fcfpfad | Sind Quellen erkenntlich?"},"content":{"rendered":"\n<p>Wenn es in einem Text Aussagen und Behauptungen gibt, ist es wichtig, dass diese auch belegt werden.<br><\/p>\n\n\n<div class=\"su-note\"  style=\"border-color:#e5e54c;border-radius:3px;-moz-border-radius:3px;-webkit-border-radius:3px;\"><div class=\"su-note-inner su-u-clearfix su-u-trim\" style=\"background-color:#FFFF66;border-color:#ffffff;color:#333333;border-radius:3px;-moz-border-radius:3px;-webkit-border-radius:3px;\">\nBeispiel: Wenn ihnen jemand im M\u00fcnchen sagt, in Washington sei ein Flugzeug abgest\u00fcrzt, dann fragen Sie doch sicher sofort: &#8222;Oh, heftig. Wo hast du das geh\u00f6rt?&#8220; Sollte diese Personen aus Washington anrufen, dann w\u00fcrden Sie sicher fragen: &#8222;Ist alles ok? Hast du das selbst gesehen?&#8220;<\/p>\n<p>Sie merken: Wenn die Person direkt dabei ist, geht man anders mit ihr um, als wenn sie nicht am Ort des Geschehens ist. Menschen erfahren etwas, weil sie es selbst erlebt haben oder weil sie es im Radio geh\u00f6rt, im Internet gelesen oder im Fernsehen gesehen haben. <\/div><\/div>\n\n\n\n<p>Genauso versuchen wir in dem zu pr\u00fcfenden Text die Quelle zu finden. Und wenn uns die Quelle pers\u00f6nlich nicht bekannt ist, sollten wir eine weitere, davon unabh\u00e4ngige Quelle als Best\u00e4tigung finden. Quellen k\u00f6nnen Personen, Zeitungen, Zeitschriften, Fernseh- und Radiosender sowie Nachrichtenagenturen sein. Quellen k\u00f6nnen aber auch Blogger oder andere Internetangebote sein.<\/p>\n\n\n\n<p>Werden in dem zu pr\u00fcfenden Text alle Aussagen durch mindestens zwei voneinander unabh\u00e4ngige Quellen oder eine ihnen als glaubhaft bekannte Quelle best\u00e4tigt?<\/p>\n\n\n\n<div class=\"wp-block-columns is-layout-flex wp-container-3 wp-block-columns-is-layout-flex\">\n<div class=\"wp-block-column is-layout-flow wp-block-column-is-layout-flow\">\n<a href=\"http:\/\/quellencheck.de\/?page_id=34\" class=\"su-button su-button-style-default\" style=\"color:#FFFFFF;background-color:#3e813e;border-color:#326832;border-radius:5px;-moz-border-radius:5px;-webkit-border-radius:5px\" target=\"_self\"><span style=\"color:#FFFFFF;padding:0px 16px;font-size:13px;line-height:26px;border-color:#78a778;border-radius:5px;-moz-border-radius:5px;-webkit-border-radius:5px;text-shadow:none;-moz-text-shadow:none;-webkit-text-shadow:none\"> Ja<\/span><\/a><br><\/p>\n<\/div>\n\n\n\n<div class=\"wp-block-column is-layout-flow wp-block-column-is-layout-flow\">\n<a href=\"http:\/\/quellencheck.de\/?page_id=224\" class=\"su-button su-button-style-default\" style=\"color:#FFFFFF;background-color:#c82d1b;border-color:#a02416;border-radius:5px;-moz-border-radius:5px;-webkit-border-radius:5px\" target=\"_self\"><span style=\"color:#FFFFFF;padding:0px 16px;font-size:13px;line-height:26px;border-color:#d96c60;border-radius:5px;-moz-border-radius:5px;-webkit-border-radius:5px;text-shadow:none;-moz-text-shadow:none;-webkit-text-shadow:none\"> Nein.<\/span><\/a>\n<\/div>\n<\/div>\n","protected":false},"excerpt":{"rendered":"<p>Wenn es in einem Text Aussagen und Behauptungen gibt, ist es wichtig, dass diese auch belegt werden. Genauso versuchen wir in dem zu pr\u00fcfenden Text die Quelle zu finden. Und wenn uns die Quelle pers\u00f6nlich nicht bekannt ist, sollten wir eine weitere, davon unabh\u00e4ngige Quelle als Best\u00e4tigung finden. Quellen k\u00f6nnen Personen, Zeitungen, Zeitschriften, Fernseh- und [&hellip;]<\/p>\n","protected":false},"author":1,"featured_media":0,"parent":15,"menu_order":5002,"comment_status":"closed","ping_status":"closed","template":"","meta":{"footnotes":""},"_links":{"self":[{"href":"https:\/\/quellencheck.de\/index.php?rest_route=\/wp\/v2\/pages\/28"}],"collection":[{"href":"https:\/\/quellencheck.de\/index.php?rest_route=\/wp\/v2\/pages"}],"about":[{"href":"https:\/\/quellencheck.de\/index.php?rest_route=\/wp\/v2\/types\/page"}],"author":[{"embeddable":true,"href":"https:\/\/quellencheck.de\/index.php?rest_route=\/wp\/v2\/users\/1"}],"replies":[{"embeddable":true,"href":"https:\/\/quellencheck.de\/index.php?rest_route=%2Fwp%2Fv2%2Fcomments&post=28"}],"version-history":[{"count":13,"href":"https:\/\/quellencheck.de\/index.php?rest_route=\/wp\/v2\/pages\/28\/revisions"}],"predecessor-version":[{"id":885,"href":"https:\/\/quellencheck.de\/index.php?rest_route=\/wp\/v2\/pages\/28\/revisions\/885"}],"up":[{"embeddable":true,"href":"https:\/\/quellencheck.de\/index.php?rest_route=\/wp\/v2\/pages\/15"}],"wp:attachment":[{"href":"https:\/\/quellencheck.de\/index.php?rest_route=%2Fwp%2Fv2%2Fmedia&parent=28"}],"curies":[{"name":"wp","href":"https:\/\/api.w.org\/{rel}","templated":true}]}}