{"id":286,"date":"2015-11-27T15:16:35","date_gmt":"2015-11-27T14:16:35","guid":{"rendered":"http:\/\/quellencheck.de\/?page_id=286"},"modified":"2015-11-27T15:59:54","modified_gmt":"2015-11-27T14:59:54","slug":"pruefpfad-nachforschungen-nach-einem-namen-via-telefonbuch","status":"publish","type":"page","link":"https:\/\/quellencheck.de\/?page_id=286","title":{"rendered":"Pr\u00fcfpfad | Nachforschungen nach einem Namen  via Telefonbuch"},"content":{"rendered":"<p>Das Telefonbuch gibt es auch im Internet. Hier k\u00f6nnen Sie wunderbar nach Personen suchen und deren Adressen sowie Telefonnummern herausbekommen. Auf der Telefonbuchseite m\u00fcssen Sie nur den Vor- und Nachnamen sowie &#8211; wenn Sie ihn kennen &#8211; den Wohnort eingeben. F\u00fcr Gesch\u00e4fte oder Instituionen geben Sie deren Namen und &#8211; soweit bekannt &#8211; deren Ort ein. Kopieren Sie anschlie\u00dfend alle Angabe auf die Seite in ihrem Textverarbeitungsprogramm.<\/p>\n<p>Sie finden das Telefonbuch <a href=\"http:\/\/www.dastelefonbuch.de\" target=\"_blank\">hier<\/a>.<\/p>\n<p>Wollen Sie nach einer weiteren Person oder Institution suchen? Dann \u00f6ffnen Sie netterweise nochmals die <a href=\"http:\/\/www.dastelefonbuch.de\" target=\"_blank\">Telefonbuch-Seite<\/a>.<\/p>\n<a href=\"http:\/\/quellencheck.de\/?page_id=296\" class=\"su-button su-button-style-default\" style=\"color:#FFFFFF;background-color:#3e813e;border-color:#326832;border-radius:5px;-moz-border-radius:5px;-webkit-border-radius:5px\" target=\"_self\"><span style=\"color:#FFFFFF;padding:0px 16px;font-size:13px;line-height:26px;border-color:#78a778;border-radius:5px;-moz-border-radius:5px;-webkit-border-radius:5px;text-shadow:none;-moz-text-shadow:none;-webkit-text-shadow:none\"> Weiter<\/span><\/a>\n","protected":false},"excerpt":{"rendered":"<p>Das Telefonbuch gibt es auch im Internet. Hier k\u00f6nnen Sie wunderbar nach Personen suchen und deren Adressen sowie Telefonnummern herausbekommen. Auf der Telefonbuchseite m\u00fcssen Sie nur den Vor- und Nachnamen sowie &#8211; wenn Sie ihn kennen &#8211; den Wohnort eingeben. F\u00fcr Gesch\u00e4fte oder Instituionen geben Sie deren Namen und &#8211; soweit bekannt &#8211; deren Ort [&hellip;]<\/p>\n","protected":false},"author":1,"featured_media":0,"parent":15,"menu_order":5440,"comment_status":"closed","ping_status":"closed","template":"","meta":{"footnotes":""},"_links":{"self":[{"href":"https:\/\/quellencheck.de\/index.php?rest_route=\/wp\/v2\/pages\/286"}],"collection":[{"href":"https:\/\/quellencheck.de\/index.php?rest_route=\/wp\/v2\/pages"}],"about":[{"href":"https:\/\/quellencheck.de\/index.php?rest_route=\/wp\/v2\/types\/page"}],"author":[{"embeddable":true,"href":"https:\/\/quellencheck.de\/index.php?rest_route=\/wp\/v2\/users\/1"}],"replies":[{"embeddable":true,"href":"https:\/\/quellencheck.de\/index.php?rest_route=%2Fwp%2Fv2%2Fcomments&post=286"}],"version-history":[{"count":8,"href":"https:\/\/quellencheck.de\/index.php?rest_route=\/wp\/v2\/pages\/286\/revisions"}],"predecessor-version":[{"id":302,"href":"https:\/\/quellencheck.de\/index.php?rest_route=\/wp\/v2\/pages\/286\/revisions\/302"}],"up":[{"embeddable":true,"href":"https:\/\/quellencheck.de\/index.php?rest_route=\/wp\/v2\/pages\/15"}],"wp:attachment":[{"href":"https:\/\/quellencheck.de\/index.php?rest_route=%2Fwp%2Fv2%2Fmedia&parent=286"}],"curies":[{"name":"wp","href":"https:\/\/api.w.org\/{rel}","templated":true}]}}