{"id":321,"date":"2015-11-27T23:45:08","date_gmt":"2015-11-27T22:45:08","guid":{"rendered":"http:\/\/quellencheck.de\/?page_id=321"},"modified":"2015-12-09T09:32:47","modified_gmt":"2015-12-09T08:32:47","slug":"pruefpfad-ziel","status":"publish","type":"page","link":"https:\/\/quellencheck.de\/?page_id=321","title":{"rendered":"Pr\u00fcfpfad | Ziel"},"content":{"rendered":"<p>Damit ist der Pr\u00fcfpfad am Ziel angelangt. Was Sie von ihrem Text zu halten haben, kann ich ihnen nicht vorschreiben. Aber ich hoffe, Sie werten die Informationen gut aus.<\/p>\n<p>Beachten Sie dabei folgende Punkte:<\/p>\n<ul>\n<li>Werden alle Aussagen und Behauptungen belegt?<\/li>\n<li>Sind Quellen vorhanden?<\/li>\n<li>Gibt sich der Autor des Textes zu erkennen oder versteckt er sich?<\/li>\n<li>Hat der Autor vielleicht gewisse Interessen, weil er in einer Partei ist?<\/li>\n<li>Und kann sie deshalb nicht m\u00f6glichst neutral und objektiv sein?<\/li>\n<li>Gibt es (bislang ungekl\u00e4rte) Abh\u00e4ngigkeitsverh\u00e4ltnisse?<\/li>\n<\/ul>\n<p>Diese Seite wird nun st\u00e4ndig erweitert und aktualisiert. Haben Sie Tipps oder Fragen, dann schicken Sie eine E-Mail an voss(a)quellencheck.de.<\/p>\n","protected":false},"excerpt":{"rendered":"<p>Damit ist der Pr\u00fcfpfad am Ziel angelangt. Was Sie von ihrem Text zu halten haben, kann ich ihnen nicht vorschreiben. Aber ich hoffe, Sie werten die Informationen gut aus. Beachten Sie dabei folgende Punkte: Werden alle Aussagen und Behauptungen belegt? Sind Quellen vorhanden? Gibt sich der Autor des Textes zu erkennen oder versteckt er sich? [&hellip;]<\/p>\n","protected":false},"author":1,"featured_media":0,"parent":15,"menu_order":5480,"comment_status":"closed","ping_status":"closed","template":"","meta":{"footnotes":""},"_links":{"self":[{"href":"https:\/\/quellencheck.de\/index.php?rest_route=\/wp\/v2\/pages\/321"}],"collection":[{"href":"https:\/\/quellencheck.de\/index.php?rest_route=\/wp\/v2\/pages"}],"about":[{"href":"https:\/\/quellencheck.de\/index.php?rest_route=\/wp\/v2\/types\/page"}],"author":[{"embeddable":true,"href":"https:\/\/quellencheck.de\/index.php?rest_route=\/wp\/v2\/users\/1"}],"replies":[{"embeddable":true,"href":"https:\/\/quellencheck.de\/index.php?rest_route=%2Fwp%2Fv2%2Fcomments&post=321"}],"version-history":[{"count":6,"href":"https:\/\/quellencheck.de\/index.php?rest_route=\/wp\/v2\/pages\/321\/revisions"}],"predecessor-version":[{"id":395,"href":"https:\/\/quellencheck.de\/index.php?rest_route=\/wp\/v2\/pages\/321\/revisions\/395"}],"up":[{"embeddable":true,"href":"https:\/\/quellencheck.de\/index.php?rest_route=\/wp\/v2\/pages\/15"}],"wp:attachment":[{"href":"https:\/\/quellencheck.de\/index.php?rest_route=%2Fwp%2Fv2%2Fmedia&parent=321"}],"curies":[{"name":"wp","href":"https:\/\/api.w.org\/{rel}","templated":true}]}}