{"id":333,"date":"2015-11-28T00:21:53","date_gmt":"2015-11-27T23:21:53","guid":{"rendered":"http:\/\/quellencheck.de\/?page_id=333"},"modified":"2015-11-28T00:30:22","modified_gmt":"2015-11-27T23:30:22","slug":"pruefpfad-freundesliste-und-vorlieben","status":"publish","type":"page","link":"https:\/\/quellencheck.de\/?page_id=333","title":{"rendered":"Pr\u00fcfpfad | Freundesliste und Vorlieben"},"content":{"rendered":"<p>In den SocialMedia-Angeboten finden Sie sehr viele weitere Hinweise auf die jeweiligen Personen. Wenn bei Facebook die Freundesliste freigegeben ist, k\u00f6nnen Sie sehen, mit wem die betreffende Person befreundet ist. Alleine die Profilbilder lassen oft schon Schl\u00fcsse zu. Au\u00dferdem gibt es Angaben wie besuchte Orte oder Fotos, selbst Angaben \u00fcber die abonnierten Seiten lassen sich h\u00e4ufig nachlesen. Und nat\u00fcrlich die ver\u00f6ffentlichten Inhalte: Aus all diesen Angaben k\u00f6nnen Sie einen sehr umfangreichen Eindruck \u00fcber die jeweilige Person bekommen.<\/p>\n<p>\u00c4hnliches Informationen gibt es auch bei Twitter. Hier k\u00f6nnen Sie sehen, wessen Nachrichtenstrom die jeweilige Person abonniert hat, aber auch, wer die Nachrichten (&#8222;Tweets&#8220;) dieser Person abonniert hat.<\/p>\n<p>Notieren Sie sich diese Informationen in der Seiten des Textverarbeitungsprogramms. Es k\u00f6nnten sp\u00e4ter entscheidende Tipps dadurch entstehen.<\/p>\n<a href=\"http:\/\/quellencheck.de\/?page_id=168\" class=\"su-button su-button-style-default\" style=\"color:#FFFFFF;background-color:#3e813e;border-color:#326832;border-radius:5px;-moz-border-radius:5px;-webkit-border-radius:5px\" target=\"_self\"><span style=\"color:#FFFFFF;padding:0px 16px;font-size:13px;line-height:26px;border-color:#78a778;border-radius:5px;-moz-border-radius:5px;-webkit-border-radius:5px;text-shadow:none;-moz-text-shadow:none;-webkit-text-shadow:none\"> Weiter<\/span><\/a>\n","protected":false},"excerpt":{"rendered":"<p>In den SocialMedia-Angeboten finden Sie sehr viele weitere Hinweise auf die jeweiligen Personen. Wenn bei Facebook die Freundesliste freigegeben ist, k\u00f6nnen Sie sehen, mit wem die betreffende Person befreundet ist. Alleine die Profilbilder lassen oft schon Schl\u00fcsse zu. Au\u00dferdem gibt es Angaben wie besuchte Orte oder Fotos, selbst Angaben \u00fcber die abonnierten Seiten lassen sich [&hellip;]<\/p>\n","protected":false},"author":1,"featured_media":0,"parent":15,"menu_order":5322,"comment_status":"closed","ping_status":"closed","template":"","meta":{"footnotes":""},"_links":{"self":[{"href":"https:\/\/quellencheck.de\/index.php?rest_route=\/wp\/v2\/pages\/333"}],"collection":[{"href":"https:\/\/quellencheck.de\/index.php?rest_route=\/wp\/v2\/pages"}],"about":[{"href":"https:\/\/quellencheck.de\/index.php?rest_route=\/wp\/v2\/types\/page"}],"author":[{"embeddable":true,"href":"https:\/\/quellencheck.de\/index.php?rest_route=\/wp\/v2\/users\/1"}],"replies":[{"embeddable":true,"href":"https:\/\/quellencheck.de\/index.php?rest_route=%2Fwp%2Fv2%2Fcomments&post=333"}],"version-history":[{"count":5,"href":"https:\/\/quellencheck.de\/index.php?rest_route=\/wp\/v2\/pages\/333\/revisions"}],"predecessor-version":[{"id":339,"href":"https:\/\/quellencheck.de\/index.php?rest_route=\/wp\/v2\/pages\/333\/revisions\/339"}],"up":[{"embeddable":true,"href":"https:\/\/quellencheck.de\/index.php?rest_route=\/wp\/v2\/pages\/15"}],"wp:attachment":[{"href":"https:\/\/quellencheck.de\/index.php?rest_route=%2Fwp%2Fv2%2Fmedia&parent=333"}],"curies":[{"name":"wp","href":"https:\/\/api.w.org\/{rel}","templated":true}]}}