{"id":34,"date":"2015-11-18T15:29:18","date_gmt":"2015-11-18T14:29:18","guid":{"rendered":"http:\/\/quellencheck.de\/?page_id=34"},"modified":"2022-01-24T12:58:33","modified_gmt":"2022-01-24T11:58:33","slug":"pruefpfad-identifizieren-sie-ihre-quellen","status":"publish","type":"page","link":"https:\/\/quellencheck.de\/?page_id=34","title":{"rendered":"Pr\u00fcfpfad | Informationen zu den Quellen finden"},"content":{"rendered":"\n<p>Versuchen Sie jetzt mehr Informationen zu ihren Quellen zu finden.&nbsp;<\/p>\n\n\n\n<p>Auf dieser Seite k\u00f6nnen Sie mit Hilfe von Google suchen. M\u00f6chten Sie eine andere Suchmaschine nutzen, \u00f6ffnen Sie diese in einem Extra-Fenster oder in einem neuem Tab.&nbsp;<\/p>\n\n\n\n<p>Tragen Sie daf\u00fcr den Namen der Zeitung, der Zeitschrift, der Internetseite oder auch der Fernseh- oder Radio-Sendung im Abschnitt <strong>Suchbegriff<\/strong> ein, wobei Sie am Anfang und am Ende jeweils Anf\u00fchrungsstriche setzen. Das sieht dann ungef\u00e4hr so aus: <em>&#8222;Der Stadard&#8220; <\/em>oder <em>&#8222;Hamburger Abendblatt&#8220;<\/em>. Nun klicken Sie auf das Feld mit der Lupe. Dann werden sie im Abschnitt <strong>Suchergebnisse<\/strong> jede Menge Eintr\u00e4ge zu dem gesuchten Namen finden. Der obere Block ist meist Reklame. Danach wird es dann interessant. Kopieren Sie sich m\u00f6glich viele Informationen einfach in eine Seite ihres Textverarbeitungsprogrammes (Word o.\u00e4.) und sammeln Sie dort auch alle weiteren Informationen. Wichtig ist, dass auch die Links mit kopiert werden, ebenfalls die Adressangaben. Je mehr Informationen Sie haben, umso besser. Sp\u00e4ter k\u00f6nnen Sie unben\u00f6tigte Informationen l\u00f6schen.<\/p>\n\n\n\n<h4 class=\"wp-block-heading\">Suchbegriff <\/h4>\n\n\n\n<script async=\"\" src=\"https:\/\/cse.google.com\/cse.js?cx=000373473662014624598:waz6s1rlosy\"><\/script>\n<div class=\"gcse-searchbox\"><\/div>\n\n\n\n<h4 class=\"wp-block-heading\">Suchergebnisse <\/h4>\n\n\n\n<p><sup><sub>Hier werden erst Ergebnisse angezeigt, sobald Sie den Suchvorgang gestartet haben.<\/sub><\/sup><\/p>\n\n\n\n<div class=\"gcse-searchresults\"><\/div>\n\n\n\n<p>Wenn es viele Suchergebnisse gibt, k\u00f6nnen Sie entlang der Ziffern weitere Bl\u00f6cke mit Suchergebnissen aufschlagen. Die Anzeige \u00e4ndert sich, Sie verlassen diese Seite bei QuelleCheck. de allerdings nicht. Wenn Sie damit durch sind, dann m\u00fcssen Sie entscheiden und einen der Kn\u00f6pfe anklicken: <\/p>\n\n\n\n<p>Haben Sie alle Informationen, die Sie mit Hilfe von Google finden konnten, ausgewertet und in ihrem Textverarbeitungsprogramm gespeichert?<\/p>\n\n\n\n<div class=\"wp-block-columns is-layout-flex wp-container-3 wp-block-columns-is-layout-flex\">\n<div class=\"wp-block-column is-layout-flow wp-block-column-is-layout-flow\">\n<a href=\"http:\/\/quellencheck.de\/?page_id=201\" class=\"su-button su-button-style-default\" style=\"color:#FFFFFF;background-color:#3e813e;border-color:#326832;border-radius:5px;-moz-border-radius:5px;-webkit-border-radius:5px\" target=\"_self\"><span style=\"color:#FFFFFF;padding:0px 16px;font-size:13px;line-height:26px;border-color:#78a778;border-radius:5px;-moz-border-radius:5px;-webkit-border-radius:5px;text-shadow:none;-moz-text-shadow:none;-webkit-text-shadow:none\"> Ja<\/span><\/a><br><\/p>\n<\/div>\n\n\n\n<div class=\"wp-block-column is-layout-flow wp-block-column-is-layout-flow\">\n<a href=\"http:\/\/quellencheck.de\/?page_id=84\" class=\"su-button su-button-style-default\" style=\"color:#FFFFFF;background-color:#c82d1b;border-color:#a02416;border-radius:5px;-moz-border-radius:5px;-webkit-border-radius:5px\" target=\"_self\"><span style=\"color:#FFFFFF;padding:0px 16px;font-size:13px;line-height:26px;border-color:#d96c60;border-radius:5px;-moz-border-radius:5px;-webkit-border-radius:5px;text-shadow:none;-moz-text-shadow:none;-webkit-text-shadow:none\"> Nein.<\/span><\/a>\n<\/div>\n<\/div>\n","protected":false},"excerpt":{"rendered":"<p>Versuchen Sie jetzt mehr Informationen zu ihren Quellen zu finden.&nbsp; Auf dieser Seite k\u00f6nnen Sie mit Hilfe von Google suchen. M\u00f6chten Sie eine andere Suchmaschine nutzen, \u00f6ffnen Sie diese in einem Extra-Fenster oder in einem neuem Tab.&nbsp; Tragen Sie daf\u00fcr den Namen der Zeitung, der Zeitschrift, der Internetseite oder auch der Fernseh- oder Radio-Sendung im [&hellip;]<\/p>\n","protected":false},"author":1,"featured_media":0,"parent":15,"menu_order":5020,"comment_status":"closed","ping_status":"closed","template":"","meta":{"footnotes":""},"_links":{"self":[{"href":"https:\/\/quellencheck.de\/index.php?rest_route=\/wp\/v2\/pages\/34"}],"collection":[{"href":"https:\/\/quellencheck.de\/index.php?rest_route=\/wp\/v2\/pages"}],"about":[{"href":"https:\/\/quellencheck.de\/index.php?rest_route=\/wp\/v2\/types\/page"}],"author":[{"embeddable":true,"href":"https:\/\/quellencheck.de\/index.php?rest_route=\/wp\/v2\/users\/1"}],"replies":[{"embeddable":true,"href":"https:\/\/quellencheck.de\/index.php?rest_route=%2Fwp%2Fv2%2Fcomments&post=34"}],"version-history":[{"count":19,"href":"https:\/\/quellencheck.de\/index.php?rest_route=\/wp\/v2\/pages\/34\/revisions"}],"predecessor-version":[{"id":987,"href":"https:\/\/quellencheck.de\/index.php?rest_route=\/wp\/v2\/pages\/34\/revisions\/987"}],"up":[{"embeddable":true,"href":"https:\/\/quellencheck.de\/index.php?rest_route=\/wp\/v2\/pages\/15"}],"wp:attachment":[{"href":"https:\/\/quellencheck.de\/index.php?rest_route=%2Fwp%2Fv2%2Fmedia&parent=34"}],"curies":[{"name":"wp","href":"https:\/\/api.w.org\/{rel}","templated":true}]}}