{"id":362,"date":"2015-12-07T14:59:42","date_gmt":"2015-12-07T13:59:42","guid":{"rendered":"http:\/\/quellencheck.de\/?page_id=362"},"modified":"2022-01-05T19:46:34","modified_gmt":"2022-01-05T18:46:34","slug":"fragen-und-antworten","status":"publish","type":"page","link":"https:\/\/quellencheck.de\/?page_id=362","title":{"rendered":"Behauptungen, Fragen und Antworten"},"content":{"rendered":"<p>Ein paar Behauptungen und Fragen tauchen immer wieder auf. Sie werden an dieser Stelle zentral beantwortet. Diese Seite wird entsprechend wachsen. Um die Antworten zu lesen, bitte die jeweilige Karteikarte mit einem Klick auf das &#8222;+&#8220; aufklappen.<\/p>\n<div class=\"su-accordion su-u-trim\">\n<div class=\"su-spoiler su-spoiler-style-fancy su-spoiler-icon-plus su-spoiler-closed\" data-anchor=\"einheitsmedien\" data-scroll-offset=\"0\" data-anchor-in-url=\"no\"><div class=\"su-spoiler-title\" tabindex=\"0\" role=\"button\"><span class=\"su-spoiler-icon\"><\/span>L\u00fcgenpresse!<\/div><div class=\"su-spoiler-content su-u-clearfix su-u-trim\">\n&#8222;L\u00fcgenpresse&#8220; ist ein Kampfbegriff, der pauschal gegen &#8222;die&#8220; Medien eingesetzt wird. Der Vorwurf: \u00dcber bestimmte Themen wird gar nicht oder falsch berichtet. In dem Zusammenhang wird oft auf Artikel im Internet hingewiesen, die Themen aufgreifen, die in der &#8222;L\u00fcgenpresse&#8220; aber nicht vorkommen. Und das diese Themen nicht vorkommen, das stimmt sehr oft. Die herk\u00f6mmlichen Medien haben n\u00e4mlich bestimmte Qualit\u00e4tskriterien, nach denen sie Meldungen ausw\u00e4hlen, die ver\u00f6ffentlicht werden, w\u00e4hrend im Bereich SozialMedia vieles ver\u00f6ffentlicht wird, ohne auf Wahrheit untersucht zu werden.<\/p>\n<p>Ausf\u00fchrlich schildert das Kapitel &#8222;<a href=\"http:\/\/quellencheck.de\/?page_id=442\">&#8218;L\u00fcgenpresse&#8220; &#8211; was ist da dran?&#8216;<\/a>&#8220; das Problem &#8222;L\u00fcgenpresse&#8220;, wie es zu dem Eindruck kommt &#8222;die&#8220; Medien w\u00fcrden Themen verschweigen und weshalb bestimmte Organisationen den Begriff nutzen.<\/p>\n<\/div><\/div>\n<\/div>\n<div class=\"su-accordion su-u-trim\">\n<div class=\"su-spoiler su-spoiler-style-fancy su-spoiler-icon-plus su-spoiler-closed\" data-anchor=\"einheitsmedien\" data-scroll-offset=\"0\" data-anchor-in-url=\"no\"><div class=\"su-spoiler-title\" tabindex=\"0\" role=\"button\"><span class=\"su-spoiler-icon\"><\/span>In Deutschland gibt es nur Einheitsmedien ('Systempresse').<\/div><div class=\"su-spoiler-content su-u-clearfix su-u-trim\">Die letzten &#8222;Einheitsmedien&#8220; in Deutschland gab es bis 1989 in der DDR. Damals gab die Nachrichtenagentur ADN vor, was in Zeitungen, Radio und Fernsehen der DDR lief und was nicht.<\/p>\n<p>Heute gibt es in Deutschland 308 lokale und regionale Abonnentenzeitungen in einer Auflage von 9,8 Millionen. Hinzu kommen sechs \u00fcberregionale Zeitungen (Auflage: 0,69 Millionen), sechs Stra\u00dfenverkaufszeitungen (Auflage: 1,45 Millionen), 16\u00a0 Wochenzeitungen (Auflage: 1,62 Millionen) und sechs Sonntagszeitungen (Auflage 1,23 Millionen, Stand: 2021, Quelle: <a href=\"https:\/\/www.bdzv.de\/alle-themen\/marktdaten#c33585\" target=\"_blank\" rel=\"noopener\">Bundesverband Deutscher Zeitungsverleger, BDZV<\/a>).<\/p>\n<p>Hinzu kommen in Deutschland zahlreiche \u00f6ffentlich-rechtliche und private Fernsehkan\u00e4le.\u00a0 Bei Statista.de hei\u00dft es: &#8222;In rund 37,98 Millionen Haushalten in Deutschland konnte am 1. Januar 2019 der Fernsehsender ZDF empfangen werden. Damit war der \u00f6ffentlich-rechtliche Sender aus Mainz der Fernsehsender mit dem h\u00f6chsten Empfangspotential in Deutschland. Die ARD folgte mit einem Potential von 37,95 Millionen Haushalten dicht dahinter. Auch die Privatsender RTL, Sat.1 und ProSieben besa\u00dfen zum Zeitpunkt der Erhebung ein Empfangspotential von mehr als 37 Millionen Haushalten.&#8220;<\/p>\n<p>(Stand: 2019, Quelle: <a href=\"https:\/\/de.statista.com\/statistik\/daten\/studie\/205031\/umfrage\/empfangspotenzial-der-fernsehsender-in-deutschland\/\" target=\"_blank\" rel=\"noopener noreferrer\">Statista<\/a>).<\/p>\n<p>Die Zahl der Radioprogramme in Deutschland liegt bei 449 (davon 262 private und 47 \u00f6ffentlich-rechtliche Programme, Stand: 2019, Quelle: <a href=\"https:\/\/de.statista.com\/themen\/591\/radio\/\" target=\"_blank\" rel=\"noopener noreferrer\">Statista<\/a>).<\/p>\n<p>Per Internet sind weltweit <strong>alle<\/strong> Medien (Zeitungen, Radio und Fernsehen) mit eigenen Angeboten erreichbar. S\u00e4mtliche Medien stehen zum gr\u00f6\u00dften Teil in Konkurrenz zueinander. Es gibt keinerlei zentrale Redaktion, die koodiniert, wer \u00fcber irgendetwas berichtet.<\/div><\/div>\n<\/div>\n<div class=\"su-accordion su-u-trim\">\n<div class=\"su-spoiler su-spoiler-style-fancy su-spoiler-icon-plus su-spoiler-closed\" data-anchor=\"vorgeschrieben\" data-scroll-offset=\"0\" data-anchor-in-url=\"no\"><div class=\"su-spoiler-title\" tabindex=\"0\" role=\"button\"><span class=\"su-spoiler-icon\"><\/span>In Deutschland ist doch alles vorgeschrieben, was Medien berichten sollen.<\/div><div class=\"su-spoiler-content su-u-clearfix su-u-trim\">Nein, das Ger\u00fccht h\u00e4lt sich zwar gut, aber \u00e4ndert nichts daran, dass es nicht stimmt. Ich arbeite seit 1985 als Journalist, war viele Jahre lang Chef vom Dienst (CvD) bei der Fernsehnachrichtensendung MDR Aktuell, dann Redaktionsleiter Neue Medien des MDR. Jetzt bin ich beim Nachrichtenradio MDR Aktuell (vormals MDR INFO), ebenfalls als CvD. Mir sind solche Verbote nicht bekannt. Nach dem Vier-Augen-Prinzip wird aber sehr wohl jeder Beitrag abgenommen, d.h. auf inhaltliche oder formale Fehler untersucht. Und es findet eine Auswahl der Themen statt, denn es gibt viel zu viel interessante Themen, um \u00fcber alles zu berichten. Der <a href=\"http:\/\/quellencheck.de\/?page_id=15\">Pr\u00fcfpfad<\/a> zeigt auch, unter welchen Kriterien bestimmte Themen aussortiert werden, weil die Quellenlage zu unsicher ist.<\/div><\/div>\n<\/div>\n<div class=\"su-accordion su-u-trim\">\n<div class=\"su-spoiler su-spoiler-style-fancy su-spoiler-icon-plus su-spoiler-closed\" data-anchor=\"grundgesetz\" data-scroll-offset=\"0\" data-anchor-in-url=\"no\"><div class=\"su-spoiler-title\" tabindex=\"0\" role=\"button\"><span class=\"su-spoiler-icon\"><\/span>Deutschland hat keine Verfassung.<\/div><div class=\"su-spoiler-content su-u-clearfix su-u-trim\">\nDeutschland hat seit dem 24.05.1949 ein Grundgesetz. Doch hat Deutschland damit eine g\u00fcltige Verfassung? Die Frage klingt unlogisch, doch es gibt den Artikel 146, der fordert, dass das deutsche Volk in freier Entscheidung eine Verfassung beschlie\u00dft \u2013 und das ist bislang nicht geschehen. Trotzdem ist f\u00fcr den Staatsrechtler Winfried Kluth klar:<\/p>\n<blockquote><p>Ja, Deutschland hat eine g\u00fcltige Verfassung. Das ist einhellige Meinung der Verfassungsjuristen und auch des Verfassungsgerichtes. Allerdings \u2013 und darauf spielen Sie an \u2013 hat diese Verfassung in ihrer Gr\u00fcndung einen gewissen Makel, denn es hat nie das deutsche Volk direkt durch eine Volksabstimmung oder durch eine von ihm gew\u00e4hlte verfassungsgebende Versammlung \u00fcber das Grundgesetz abgestimmt.<\/p>\n<p>Die Formulierung \u201eGrundgesetz\u201c ist eine formal \u00e4quivalente Formulierung f\u00fcr \u201eVerfassung\u201c \u2013 also \u201egrundlegendes Gesetz\u201c. Und man hat diese kleine sprachliche Nuance zun\u00e4chst gew\u00e4hlt, um das vorl\u00e4ufige in Hinblick auf eine damals noch zeitliche nahe gew\u00fcnschte Wiedervereinigung deutlich zu machen.<\/p><\/blockquote>\n<p>Ausf\u00fchrliche Informationen gibt es dazu <a href=\"http:\/\/quellencheck.de\/?page_id=524\">hier<\/a>.<\/p>\n<\/div><\/div>\n<\/div>\n<div class=\"su-accordion su-u-trim\">\n<div class=\"su-spoiler su-spoiler-style-fancy su-spoiler-icon-plus su-spoiler-closed\" data-anchor=\"gmbh\" data-scroll-offset=\"0\" data-anchor-in-url=\"no\"><div class=\"su-spoiler-title\" tabindex=\"0\" role=\"button\"><span class=\"su-spoiler-icon\"><\/span>Die Bundesrepublik Deutschland ist eine GmbH und kein Staat.<\/div><div class=\"su-spoiler-content su-u-clearfix su-u-trim\">Ist Deutschland in Wahrheit nur eine Firma und sind die Bundesb\u00fcrger blo\u00df Angestellte? In den sozialen Medien wird diese Theorie immer h\u00e4ufiger vertreten. Die Deutsche Anwaltauskunft hat die Legende von der Deutschland GmbH einem <a href=\"https:\/\/anwaltauskunft.de\/magazin\/gesellschaft\/staat-behoerden\/989\/ist-deutschland-eine-gmbh\/\" target=\"_blank\" rel=\"noopener noreferrer\">Faktencheck<\/a> unterzogen und kam zu dem Ergebnis: Nein, nat\u00fcrlich nicht.<\/p>\n<p>Der Artikel ist <a href=\"https:\/\/anwaltauskunft.de\/magazin\/gesellschaft\/staat-behoerden\/989\/ist-deutschland-eine-gmbh\/\" target=\"_blank\" rel=\"noopener noreferrer\">hier<\/a> nachlesbar.<br \/>\n<\/div><\/div>\n<\/div>\n","protected":false},"excerpt":{"rendered":"<p>Ein paar Behauptungen und Fragen tauchen immer wieder auf. Sie werden an dieser Stelle zentral beantwortet. Diese Seite wird entsprechend wachsen. Um die Antworten zu lesen, bitte die jeweilige Karteikarte mit einem Klick auf das &#8222;+&#8220; aufklappen.<\/p>\n","protected":false},"author":1,"featured_media":0,"parent":0,"menu_order":6000,"comment_status":"closed","ping_status":"closed","template":"","meta":{"footnotes":""},"_links":{"self":[{"href":"https:\/\/quellencheck.de\/index.php?rest_route=\/wp\/v2\/pages\/362"}],"collection":[{"href":"https:\/\/quellencheck.de\/index.php?rest_route=\/wp\/v2\/pages"}],"about":[{"href":"https:\/\/quellencheck.de\/index.php?rest_route=\/wp\/v2\/types\/page"}],"author":[{"embeddable":true,"href":"https:\/\/quellencheck.de\/index.php?rest_route=\/wp\/v2\/users\/1"}],"replies":[{"embeddable":true,"href":"https:\/\/quellencheck.de\/index.php?rest_route=%2Fwp%2Fv2%2Fcomments&post=362"}],"version-history":[{"count":56,"href":"https:\/\/quellencheck.de\/index.php?rest_route=\/wp\/v2\/pages\/362\/revisions"}],"predecessor-version":[{"id":900,"href":"https:\/\/quellencheck.de\/index.php?rest_route=\/wp\/v2\/pages\/362\/revisions\/900"}],"wp:attachment":[{"href":"https:\/\/quellencheck.de\/index.php?rest_route=%2Fwp%2Fv2%2Fmedia&parent=362"}],"curies":[{"name":"wp","href":"https:\/\/api.w.org\/{rel}","templated":true}]}}