{"id":388,"date":"2015-12-09T06:49:57","date_gmt":"2015-12-09T05:49:57","guid":{"rendered":"http:\/\/quellencheck.de\/?page_id=388"},"modified":"2022-01-05T20:05:17","modified_gmt":"2022-01-05T19:05:17","slug":"links","status":"publish","type":"page","link":"https:\/\/quellencheck.de\/?page_id=388","title":{"rendered":"Links"},"content":{"rendered":"\n<p>Auf dieser Seite werden Internetangebote vorgestellt, die sich mit dem selben Thema befassen und ebenfalls weiterhelfen k\u00f6nnen.<\/p>\n\n\n\n<ul><li><a rel=\"noopener\" href=\"http:\/\/www.mimikama.at\/\" target=\"_blank\">Mimikama<\/a>: Diese \u00f6sterreichische Seite untersucht exemplarisch Ver\u00f6ffentlichungen, die aktuell in den Medien verbreitet werden, auf ihren Wahrheitsgehalt. Die Seite hat auch ein Facebookangebot. Sehr empfehlenswert.<\/li><li><a rel=\"noreferrer noopener\" href=\"https:\/\/www.tagesschau.de\/faktenfinder\/\" target=\"_blank\">Faktenfinder der Tagesschau<\/a>: Hier einschein sehr schnell aktuelle Faktenchecks, aus einer eigens daf\u00fcr zusammengestellten ARD-Redaktion.<\/li><li><a href=\"https:\/\/correctiv.org\/\" target=\"_blank\" rel=\"noreferrer noopener\">Correctiv.org<\/a> ist das erste spendenfinanzierte Recherchezentrum in Deutschland.<\/li><li><a rel=\"noopener\" href=\"http:\/\/faculty.washington.edu\/kstarbi\/CSCW2016_Tweetdashians_Camera_Ready_final.pdf\" target=\"_blank\">Wie kann ich Falschmeldungen stoppen? (&#8222;Keeping Up with the Tweet &#8211; dashians: The Impact of \u2018Official\u2019 Accounts on Online Rumoring&#8220;)<\/a>: Untersuchung setzt darauf, dass ein Dementi eines offiziellen Accounts die Verbreitung von Falschmeldungen eind\u00e4mmen kann<\/li><\/ul>\n","protected":false},"excerpt":{"rendered":"<p>Auf dieser Seite werden Internetangebote vorgestellt, die sich mit dem selben Thema befassen und ebenfalls weiterhelfen k\u00f6nnen. Mimikama: Diese \u00f6sterreichische Seite untersucht exemplarisch Ver\u00f6ffentlichungen, die aktuell in den Medien verbreitet werden, auf ihren Wahrheitsgehalt. Die Seite hat auch ein Facebookangebot. Sehr empfehlenswert. Faktenfinder der Tagesschau: Hier einschein sehr schnell aktuelle Faktenchecks, aus einer eigens daf\u00fcr [&hellip;]<\/p>\n","protected":false},"author":1,"featured_media":0,"parent":0,"menu_order":6500,"comment_status":"closed","ping_status":"closed","template":"","meta":{"footnotes":""},"_links":{"self":[{"href":"https:\/\/quellencheck.de\/index.php?rest_route=\/wp\/v2\/pages\/388"}],"collection":[{"href":"https:\/\/quellencheck.de\/index.php?rest_route=\/wp\/v2\/pages"}],"about":[{"href":"https:\/\/quellencheck.de\/index.php?rest_route=\/wp\/v2\/types\/page"}],"author":[{"embeddable":true,"href":"https:\/\/quellencheck.de\/index.php?rest_route=\/wp\/v2\/users\/1"}],"replies":[{"embeddable":true,"href":"https:\/\/quellencheck.de\/index.php?rest_route=%2Fwp%2Fv2%2Fcomments&post=388"}],"version-history":[{"count":9,"href":"https:\/\/quellencheck.de\/index.php?rest_route=\/wp\/v2\/pages\/388\/revisions"}],"predecessor-version":[{"id":903,"href":"https:\/\/quellencheck.de\/index.php?rest_route=\/wp\/v2\/pages\/388\/revisions\/903"}],"wp:attachment":[{"href":"https:\/\/quellencheck.de\/index.php?rest_route=%2Fwp%2Fv2%2Fmedia&parent=388"}],"curies":[{"name":"wp","href":"https:\/\/api.w.org\/{rel}","templated":true}]}}