{"id":435,"date":"2015-12-11T10:25:48","date_gmt":"2015-12-11T09:25:48","guid":{"rendered":"http:\/\/quellencheck.de\/?page_id=435"},"modified":"2023-07-21T18:54:43","modified_gmt":"2023-07-21T16:54:43","slug":"presse","status":"publish","type":"page","link":"https:\/\/quellencheck.de\/?page_id=435","title":{"rendered":"Presse"},"content":{"rendered":"<p>Hier sind alle Informationen zum Internet-Angebot QuellenCheck f\u00fcr die Presse zusammengefasst.<\/p>\n<h3>Idee und Autor<\/h3>\n<p>Quellen sind der Anfang jeder Nachricht. Doch kann ich ihnen vertrauen? Wie untersuche ich meine Quelle auf Wahrheit und Seriosit\u00e4t? Bei QuellenCheck erfahren Internetnutzer, wie sie es selbst \u00fcberpr\u00fcfen k\u00f6nnen. <a href=\"http:\/\/quellencheck.de\/?page_id=97\">Michael Vo\u00df<\/a>, Autor der Seite, ist Journalist. F\u00fcr das Nachrichtenradio MDR Aktuell (vormals MDR INFO) berichtet er aus der digitalen Welt, f\u00fcr die ARD u.a. vom Mobile World Congress in Barcelona, von der Internationalen Funkausstellung in Berlin und vertretungsweise aus dem ARD-Hauptstadtstudio. Au\u00dferdem ist er engagierter Christ. Die Seite QuellenCheck ist sein privates Angebot.<\/p>\n<blockquote><p>&#8222;Ich finde es erschreckend, wie schnell Menschen L\u00fcgen und Unwahrheiten verbreiten. Die meisten von ihnen machen das nicht bewusst, sondern glauben selbst auch daran. Dagegen m\u00f6chte ich etwas tun.&#8220; &#8211; Michael Vo\u00df<\/p><\/blockquote>\n<h3>Foto des Autoren<\/h3>\n<p>Sie k\u00f6nnen das Foto f\u00fcr Berichte \u00fcber QuelleCheck nutzen. Verfremdungen oder Montagen sind nicht erlaubt. Die Rechte liegen bei Michael Vo\u00df.<br \/>\n<a href=\"http:\/\/quellencheck.de\/wp-content\/uploads\/2015\/12\/2015-03-01-09.23.56.jpg\" rel=\"attachment wp-att-504\"><img decoding=\"async\" loading=\"lazy\" class=\"size-full wp-image-504\" src=\"http:\/\/quellencheck.de\/wp-content\/uploads\/2015\/12\/2015-03-01-09.23.56.jpg\" alt=\"Michael Vo\u00df, Autor der Seite QuellenCheck\" width=\"1517\" height=\"853\" srcset=\"https:\/\/quellencheck.de\/wp-content\/uploads\/2015\/12\/2015-03-01-09.23.56.jpg 1517w, https:\/\/quellencheck.de\/wp-content\/uploads\/2015\/12\/2015-03-01-09.23.56-300x169.jpg 300w, https:\/\/quellencheck.de\/wp-content\/uploads\/2015\/12\/2015-03-01-09.23.56-768x432.jpg 768w, https:\/\/quellencheck.de\/wp-content\/uploads\/2015\/12\/2015-03-01-09.23.56-1024x576.jpg 1024w\" sizes=\"(max-width: 1517px) 100vw, 1517px\" \/><\/a><\/p>\n<h3>Logo<\/h3>\n<p>Sie k\u00f6nnen das Logo f\u00fcr Berichte \u00fcber QuelleCheck nutzen. Verfremdungen oder Montagen sind nicht erlaubt.<br \/>\n<a href=\"http:\/\/quellencheck.de\/wp-content\/uploads\/2015\/11\/Logo-Quellencheck_jpg.jpg\" rel=\"attachment wp-att-94\"><img decoding=\"async\" loading=\"lazy\" class=\"alignnone size-full wp-image-94\" src=\"http:\/\/quellencheck.de\/wp-content\/uploads\/2015\/11\/Logo-Quellencheck_jpg.jpg\" alt=\"Logo Quellencheck_jpg\" width=\"681\" height=\"681\" srcset=\"https:\/\/quellencheck.de\/wp-content\/uploads\/2015\/11\/Logo-Quellencheck_jpg.jpg 681w, https:\/\/quellencheck.de\/wp-content\/uploads\/2015\/11\/Logo-Quellencheck_jpg-150x150.jpg 150w, https:\/\/quellencheck.de\/wp-content\/uploads\/2015\/11\/Logo-Quellencheck_jpg-300x300.jpg 300w\" sizes=\"(max-width: 681px) 100vw, 681px\" \/><\/a><\/p>\n<h3>Pressereaktion<\/h3>\n\n\n<div class=\"su-posts su-posts-single-post \">\n\n\t\t\t\t\t\t\n\t\t\t\n\t\t\t<div id=\"su-post-664\" class=\"su-post \">\n\t\t\t\t<h1 class=\"su-post-title\">QuellenCheck im pro Medienmagazin<\/h1>\n\t\t\t\t<div class=\"su-post-meta\">\n\t\t\t\t\tVer\u00f6ffentlicht:\n\t\t\t\t\t4. Mai 2017\t\t\t\t\t\t\t\t\t<\/div>\n\t\t\t\t<div class=\"su-post-content\">\n\t\t\t\t\t<p>Das pro Medienmagazin hat mit mir ein Interview gef\u00fchrt, in dem es unter anderem auch um den QuellenCheck geht. Nachzulesen ist es <a href=\"https:\/\/www.pro-medienmagazin.de\/medien\/journalismus\/2017\/05\/04\/kommentar-und-nachricht-gehoeren-getrennt\/\" target=\"_blank\">hier<\/a>.<\/p>\n\t\t\t\t<\/div>\n\t\t\t<\/div>\n\n\t\t\t\t\n<\/div>\n\n\n\n<div class=\"su-posts su-posts-single-post \">\n\n\t\t\t\t\t\t\n\t\t\t\n\t\t\t<div id=\"su-post-580\" class=\"su-post \">\n\t\t\t\t<h1 class=\"su-post-title\">QuellenCheck im Radio<\/h1>\n\t\t\t\t<div class=\"su-post-meta\">\n\t\t\t\t\tVer\u00f6ffentlicht:\n\t\t\t\t\t3. M\u00e4rz 2016\t\t\t\t\t\t\t\t\t<\/div>\n\t\t\t\t<div class=\"su-post-content\">\n\t\t\t\t\t<!--[if lt IE 9]><script>document.createElement('audio');<\/script><![endif]-->\n<audio class=\"wp-audio-shortcode\" id=\"audio-580-1\" preload=\"none\" style=\"width: 100%;\" controls=\"controls\"><source type=\"audio\/mpeg\" src=\"http:\/\/quellencheck.de\/wp-content\/uploads\/2016\/03\/20160303_quellencheck.mp3?_=1\" \/><a href=\"http:\/\/quellencheck.de\/wp-content\/uploads\/2016\/03\/20160303_quellencheck.mp3\">http:\/\/quellencheck.de\/wp-content\/uploads\/2016\/03\/20160303_quellencheck.mp3<\/a><\/audio>\nDie Kollegen von MDR INFO (heute: MDR Aktuell) haben einen Beitrag \u00fcber QuellenCheck produziert, Autor ist Uwe Jahn und alles l\u00e4sst sich hier nachh\u00f6ren. Der Beitrag lief am 03.03.16.<\/p>\n\t\t\t\t<\/div>\n\t\t\t<\/div>\n\n\t\t\t\t\n<\/div>\n\n<h3>Kontakt<\/h3>\n<p>Michael Vo\u00df<br \/>\nAm Tanzplan 5<br \/>\n04179 Leipzig<br \/>\nTel. +49 341 44246589<br \/>\nFax +49 341 49573871<br \/>\nE-Mail: voss(a)quellencheck.de<\/p>\n","protected":false},"excerpt":{"rendered":"<p>Hier sind alle Informationen zum Internet-Angebot QuellenCheck f\u00fcr die Presse zusammengefasst. Idee und Autor Quellen sind der Anfang jeder Nachricht. Doch kann ich ihnen vertrauen? Wie untersuche ich meine Quelle auf Wahrheit und Seriosit\u00e4t? Bei QuellenCheck erfahren Internetnutzer, wie sie es selbst \u00fcberpr\u00fcfen k\u00f6nnen. Michael Vo\u00df, Autor der Seite, ist Journalist. F\u00fcr das Nachrichtenradio MDR [&hellip;]<\/p>\n","protected":false},"author":1,"featured_media":0,"parent":0,"menu_order":8000,"comment_status":"closed","ping_status":"closed","template":"","meta":{"footnotes":""},"_links":{"self":[{"href":"https:\/\/quellencheck.de\/index.php?rest_route=\/wp\/v2\/pages\/435"}],"collection":[{"href":"https:\/\/quellencheck.de\/index.php?rest_route=\/wp\/v2\/pages"}],"about":[{"href":"https:\/\/quellencheck.de\/index.php?rest_route=\/wp\/v2\/types\/page"}],"author":[{"embeddable":true,"href":"https:\/\/quellencheck.de\/index.php?rest_route=\/wp\/v2\/users\/1"}],"replies":[{"embeddable":true,"href":"https:\/\/quellencheck.de\/index.php?rest_route=%2Fwp%2Fv2%2Fcomments&post=435"}],"version-history":[{"count":21,"href":"https:\/\/quellencheck.de\/index.php?rest_route=\/wp\/v2\/pages\/435\/revisions"}],"predecessor-version":[{"id":1073,"href":"https:\/\/quellencheck.de\/index.php?rest_route=\/wp\/v2\/pages\/435\/revisions\/1073"}],"wp:attachment":[{"href":"https:\/\/quellencheck.de\/index.php?rest_route=%2Fwp%2Fv2%2Fmedia&parent=435"}],"curies":[{"name":"wp","href":"https:\/\/api.w.org\/{rel}","templated":true}]}}