{"id":524,"date":"2015-12-16T07:25:00","date_gmt":"2015-12-16T06:25:00","guid":{"rendered":"http:\/\/quellencheck.de\/?page_id=524"},"modified":"2015-12-18T09:55:00","modified_gmt":"2015-12-18T08:55:00","slug":"hat-deutschland-eine-gueltige-verfassung","status":"publish","type":"page","link":"https:\/\/quellencheck.de\/?page_id=524","title":{"rendered":"Hat Deutschland eine g\u00fcltige Verfassung?"},"content":{"rendered":"<p>Deutschland hat seit dem 24.05.1949 &nbsp; ein Grundgesetz. Doch hat Deutschland damit eine g\u00fcltige Verfassung? Die Frage klingt unlogisch, doch es gibt den Artikel 146, der fordert, dass das deutsche Volk in freier Entscheidung eine Verfassung beschlie\u00dft \u2013 und das ist bislang nicht geschehen. Das n\u00e4hrt Ger\u00fcchte, Deutschland habe keine g\u00fcltige Verfassung. Ich habe mich am 24.05.14 f\u00fcr MDR INFO mit dem Staatsrechtler Winfried Kluth \u00fcber das Problem unterhalten.<br \/>\n<!--[if lt IE 9]><script>document.createElement('audio');<\/script><![endif]-->\n<audio class=\"wp-audio-shortcode\" id=\"audio-524-1\" preload=\"none\" style=\"width: 100%;\" controls=\"controls\"><source type=\"audio\/mpeg\" src=\"http:\/\/quellencheck.de\/wp-content\/uploads\/2015\/12\/20140523_Grundgesetz.mp3?_=1\" \/><a href=\"http:\/\/quellencheck.de\/wp-content\/uploads\/2015\/12\/20140523_Grundgesetz.mp3\">http:\/\/quellencheck.de\/wp-content\/uploads\/2015\/12\/20140523_Grundgesetz.mp3<\/a><\/audio>\n<p>Es ist ein Satz, an dem sich die Grundgesetz-Kritiker st\u00f6ren. Und zwar der Artikel 146. Darin hei\u00dft es w\u00f6rtlich:<\/p>\n<blockquote><p><i>Dieses Grundgesetz, das nach Vollendung der Einheit und Freiheit Deutschlands f\u00fcr das gesamte deutsche Volk gilt, verliert seine G\u00fcltigkeit an dem Tage, an dem eine Verfassung in Kraft tritt, die von dem deutschen Volke in freier Entscheidung beschlossen worden ist.<\/i><\/p><\/blockquote>\n<p><a name='more'><\/a><\/p>\n<table cellpadding=\"0\" cellspacing=\"0\" style=\"float: left; margin-right: 1em; text-align: left;\">\n<tbody>\n<tr>\n<td style=\"text-align: center;\"><a href=\"http:\/\/3.bp.blogspot.com\/-_eUUEa_gSeY\/U4Aby5CaRuI\/AAAAAAAAzt4\/PhpIsIBeSgA\/s1600\/KUF_1625.jpg\" style=\"clear: left; margin-bottom: 1em; margin-left: auto; margin-right: auto;\"><img decoding=\"async\" loading=\"lazy\" border=\"0\" src=\"http:\/\/3.bp.blogspot.com\/-_eUUEa_gSeY\/U4Aby5CaRuI\/AAAAAAAAzt4\/PhpIsIBeSgA\/s1600\/KUF_1625.jpg\" height=\"320\" width=\"213\" \/><\/a><\/td>\n<\/tr>\n<tr>\n<td style=\"text-align: center;\">\n<div style=\"text-align: left;\">Prof. Dr. Winfried Kluth (Foto: MLU&nbsp;<\/div>\n<div style=\"text-align: left;\">Halle-Wittenberg)<\/div>\n<\/td>\n<\/tr>\n<\/tbody>\n<\/table>\n<h3>Deutschland hat eine g\u00fcltige Verfassung<\/h3>\n<p>Hat Deutschland wirkliche eine Verfassung? Oder fehlt da noch etwas? F\u00fcr Winfried Kluth ist es eine einfache Sache. Der Jurist ist Staatsrechtler an der Martin-Luther-Universit\u00e4t Halle-Wittenberg und au\u00dferdem Richter am Landesverfassungsgericht Sachsen-Anhalt. Seine Antwort ist klar und deutlich.<\/p>\n<blockquote><p><i>Ja, Deutschland hat eine g\u00fcltige Verfassung. Das ist einhellige Meinung der Verfassungsjuristen und auch des Verfassungsgerichtes. Allerdings \u2013 und darauf spielen Sie an \u2013 hat diese Verfassung in ihrer Gr\u00fcndung einen gewissen Makel, denn es hat nie das deutsche Volk direkt durch eine Volksabstimmung oder durch eine von ihm gew\u00e4hlte verfassungsgebende Versammlung \u00fcber das Grundgesetz abgestimmt.<\/i><\/p><\/blockquote>\n<p>Doch warum ist 1949 vom sogenannten Parlamentarischen Rat nicht gleich eine Verfassung f\u00fcr die damals aus den Besatzungszonen der westlichen Alliierten entstandene Bundesrepublik in Kraft gesetzt worden?<\/p>\n<blockquote><p><i>Die Formulierung &#8222;Grundgesetz&#8220; ist eine formal \u00e4quivalente Formulierung f\u00fcr &#8222;Verfassung&#8220; \u2013 also &#8222;grundlegendes Gesetz&#8220;. Und man hat diese kleine sprachliche Nuance zun\u00e4chst gew\u00e4hlt, um das vorl\u00e4ufige in Hinblick auf eine damals noch zeitliche nahe gew\u00fcnschte Wiedervereinigung deutlich zu machen.<\/i><\/p><\/blockquote>\n<h3>Warum d\u00fcrfen die Deutschen nicht abstimmen?<\/h3>\n<p>Doch die L\u00e4nder der ehemaligen DDR sind bereits 1990 der Bundesrepublik beigetreten. Damit ist es eigentlich schon l\u00e4ngst \u00fcberf\u00e4llig, den Artikel 146 zu erf\u00fcllen, n\u00e4mlich dass das gesamte deutsche Volk \u00fcber eine Verfassung abstimmt. F\u00fcr den Verfassungsrichter Winfried Kluth ist es die Vorsicht der Politiker, weshalb sie ausnutzen, dass es im Grundgesetz keine zeitliche Vorgabe f\u00fcr eine m\u00f6gliche Volksabstimmung gibt.<\/p>\n<blockquote><p><i>Das ist ja eine Verfassung, die noch durch Pr\u00e4gnanz, also auch eine gewisse textliche Knappheit, juristische Sch\u00e4rfe gekennzeichnet ist. Man hat sich nicht zugetraut, so etwas noch einmal zu schaffen. Man muss jetzt dazu sagen: Die Verfassungen der neuen Bundesl\u00e4nder sind aus meiner Sicht recht gut gelungen. Also insofern war diese Skepsis vielleicht nicht berechtigt. Sie sind aber dann vielleicht auch nicht f\u00fcr die gesamtdeutsche politische Lage symptomatisch.<\/i><\/p><\/blockquote>\n<p>Winfried Kluth ist zufrieden mit dem Grundgesetz und betont dessen Kompromiss-Charakter: Es g\u00e4be keine zeitliche Vorgabe, bis wann eine neue Verfassung beschlossen werden m\u00fcsse. Und diese aktuelle Verfassung namens \u201eGrundgesetz\u201c genie\u00dfe international Anerkennung.<\/p>\n","protected":false},"excerpt":{"rendered":"<p>Deutschland hat seit dem 24.05.1949 &nbsp; ein Grundgesetz. Doch hat Deutschland damit eine g\u00fcltige Verfassung? Die Frage klingt unlogisch, doch es gibt den Artikel 146, der fordert, dass das deutsche Volk in freier Entscheidung eine Verfassung beschlie\u00dft \u2013 und das ist bislang nicht geschehen. Das n\u00e4hrt Ger\u00fcchte, Deutschland habe keine g\u00fcltige Verfassung. Ich habe mich [&hellip;]<\/p>\n","protected":false},"author":1,"featured_media":0,"parent":362,"menu_order":300,"comment_status":"closed","ping_status":"closed","template":"","meta":{"footnotes":""},"_links":{"self":[{"href":"https:\/\/quellencheck.de\/index.php?rest_route=\/wp\/v2\/pages\/524"}],"collection":[{"href":"https:\/\/quellencheck.de\/index.php?rest_route=\/wp\/v2\/pages"}],"about":[{"href":"https:\/\/quellencheck.de\/index.php?rest_route=\/wp\/v2\/types\/page"}],"author":[{"embeddable":true,"href":"https:\/\/quellencheck.de\/index.php?rest_route=\/wp\/v2\/users\/1"}],"replies":[{"embeddable":true,"href":"https:\/\/quellencheck.de\/index.php?rest_route=%2Fwp%2Fv2%2Fcomments&post=524"}],"version-history":[{"count":4,"href":"https:\/\/quellencheck.de\/index.php?rest_route=\/wp\/v2\/pages\/524\/revisions"}],"predecessor-version":[{"id":532,"href":"https:\/\/quellencheck.de\/index.php?rest_route=\/wp\/v2\/pages\/524\/revisions\/532"}],"up":[{"embeddable":true,"href":"https:\/\/quellencheck.de\/index.php?rest_route=\/wp\/v2\/pages\/362"}],"wp:attachment":[{"href":"https:\/\/quellencheck.de\/index.php?rest_route=%2Fwp%2Fv2%2Fmedia&parent=524"}],"curies":[{"name":"wp","href":"https:\/\/api.w.org\/{rel}","templated":true}]}}