{"id":6,"date":"2015-11-18T10:27:50","date_gmt":"2015-11-18T10:27:50","guid":{"rendered":"http:\/\/quellencheck.de\/?page_id=6"},"modified":"2023-10-30T21:00:07","modified_gmt":"2023-10-30T20:00:07","slug":"willkommen","status":"publish","type":"page","link":"https:\/\/quellencheck.de\/","title":{"rendered":"\u00dcberblick"},"content":{"rendered":"\n<rssapp-ticker id=\"_j9dTdio6WnLGHoiD\"><\/rssapp-ticker><script src=\"https:\/\/widget.rss.app\/v1\/ticker.js\" type=\"text\/javascript\" async=\"\"><\/script>\n\n\n\n<p><sup>Den kompletten \u00dcberblick \u00fcber aktuelle Faktenchecks unterschiedlicher Anbieter k\u00f6nnen Sie <a href=\"http:\/\/quellencheck.de\/?page_id=940\">hier<\/a> sehen.<\/sup><\/p>\n\n\n\n<h3 class=\"wp-block-heading\" id=\"welcher-nachricht-kann-ich-vertrauen\">Welcher Nachricht kann ich vertrauen?<\/h3>\n\n\n\n<p>Quellen sind der Anfang jeder Nachricht. Doch kann ich ihnen vertrauen? Wie untersuche ich meine Quelle auf Wahrheit und Seriosit\u00e4t? Hier erfahren Sie, wie Sie es selbst \u00fcberpr\u00fcfen k\u00f6nnen.<\/p>\n\n\n\n<h3 class=\"wp-block-heading\" id=\"prufpfad\">Pr\u00fcfpfad<\/h3>\n\n\n<div class=\"wp-block-image\">\n<figure class=\"alignright size-full is-resized\"><img decoding=\"async\" loading=\"lazy\" src=\"http:\/\/quellencheck.de\/wp-content\/uploads\/2016\/12\/Checke_Deine_Quellen.jpg\" alt=\"Checke deine Quellen!\" class=\"wp-image-634\" width=\"482\" height=\"313\" srcset=\"https:\/\/quellencheck.de\/wp-content\/uploads\/2016\/12\/Checke_Deine_Quellen.jpg 964w, https:\/\/quellencheck.de\/wp-content\/uploads\/2016\/12\/Checke_Deine_Quellen-300x195.jpg 300w, https:\/\/quellencheck.de\/wp-content\/uploads\/2016\/12\/Checke_Deine_Quellen-768x498.jpg 768w\" sizes=\"(max-width: 482px) 100vw, 482px\" \/><\/figure><\/div>\n\n\n<p>Der <a href=\"http:\/\/quellencheck.de\/?page_id=15\">Pr\u00fcfpfad<\/a> ist das zentrale Element dieses Internetangebots und f\u00fchrt Sie ganz einfach durch eine Quellenpr\u00fcfung.  Sie werden dabei nicht bevormundet und entscheiden bei jedem Schritt selbst, wie es weitergeht. Beantworten Sie die einfach die Fragen und klicken den entsprechenden Antwort-Button, der sie weiterf\u00fchrt. <\/p>\n\n\n<p>Am Ende wissen Sie mehr \u00fcber die Quellen und \u00fcber die Seriosit\u00e4t der von ihnen \u00fcberpr\u00fcften Nachrichten. <span class=\"su-highlight\" style=\"background:#eef548;color:#000000\">&nbsp;Aber Sie pers\u00f6nlich entscheiden, wie Sie damit umgehen. Ich gebe Ihnen dazu nur Tipps aus meinem Arbeitsalltag.&nbsp;<\/span>\n\n\n\n<p>\u00dcbrigens: Es wird hier nichts \u00fcber Sie oder ihre Antworten gespeichert. Sie m\u00fcssen sich auch nicht identifizieren. F\u00fcr m\u00f6gliche Notizen nutzen Sie ihr eigenes Textverarbeitungsprogramm.<\/p>\n\n\n\n<div class=\"wp-block-columns is-layout-flex wp-container-3 wp-block-columns-is-layout-flex\">\n<div class=\"wp-block-column is-layout-flow wp-block-column-is-layout-flow\">\n<h3 class=\"wp-block-heading\">Faktencheck<\/h3>\n\n\n\n<p>Es gibt inzwischen sehr viele wirklich gut arbeitende Internetangebote, die Fakten checken. Dazu geh\u00f6rt, dass nicht nur gesagt wird, ob ein Bericht wahr oder falsch ist, sondern alle Schritte der Untersuchung genau dokumentiert werden. W\u00e4hrend L\u00fcgen und Falschmeldungen oft eine Sache von wenigen Sekunden sind, dauert die Arbeit an einem Faktencheck Stunden und oft sogar Tage. QuellenCheck.de bietet eine aktuelle \u00dcbersicht \u00fcber gute Faktenchecks, die Sie <a href=\"http:\/\/quellencheck.de\/?page_id=940\">hier<\/a> finden.<\/p>\n<\/div>\n\n\n\n<div class=\"wp-block-column is-layout-flow wp-block-column-is-layout-flow\">\n<h3 class=\"wp-block-heading\" id=\"lugenpresse\">&#8222;L\u00fcgenpresse!&#8220;<\/h3>\n\n\n\n<p>&#8222;L\u00fcgenpresse&#8220; ist ein Kampfbegriff, der pauschal gegen &#8222;die&#8220; Medien eingesetzt wird. Der Vorwurf: \u00dcber bestimmte Themen wird gar nicht oder falsch berichtet. Ausf\u00fchrlich schildert das Kapitel &#8222;<a href=\"http:\/\/quellencheck.de\/?page_id=442\">&#8218;L\u00fcgenpresse&#8220; &#8211; was ist da dran?&#8216;<\/a>&#8220; das Problem &#8222;L\u00fcgenpresse&#8220;, wie es zu dem Eindruck kommt &#8222;die&#8220; Medien w\u00fcrden Themen verschweigen und weshalb bestimmte Organisationen den Begriff nutzen.<\/p>\n<\/div>\n<\/div>\n","protected":false},"excerpt":{"rendered":"<p>Den kompletten \u00dcberblick \u00fcber aktuelle Faktenchecks unterschiedlicher Anbieter k\u00f6nnen Sie hier sehen. Welcher Nachricht kann ich vertrauen? Quellen sind der Anfang jeder Nachricht. Doch kann ich ihnen vertrauen? Wie untersuche ich meine Quelle auf Wahrheit und Seriosit\u00e4t? Hier erfahren Sie, wie Sie es selbst \u00fcberpr\u00fcfen k\u00f6nnen. Pr\u00fcfpfad Der Pr\u00fcfpfad ist das zentrale Element dieses Internetangebots [&hellip;]<\/p>\n","protected":false},"author":1,"featured_media":0,"parent":0,"menu_order":0,"comment_status":"closed","ping_status":"closed","template":"","meta":{"footnotes":""},"_links":{"self":[{"href":"https:\/\/quellencheck.de\/index.php?rest_route=\/wp\/v2\/pages\/6"}],"collection":[{"href":"https:\/\/quellencheck.de\/index.php?rest_route=\/wp\/v2\/pages"}],"about":[{"href":"https:\/\/quellencheck.de\/index.php?rest_route=\/wp\/v2\/types\/page"}],"author":[{"embeddable":true,"href":"https:\/\/quellencheck.de\/index.php?rest_route=\/wp\/v2\/users\/1"}],"replies":[{"embeddable":true,"href":"https:\/\/quellencheck.de\/index.php?rest_route=%2Fwp%2Fv2%2Fcomments&post=6"}],"version-history":[{"count":86,"href":"https:\/\/quellencheck.de\/index.php?rest_route=\/wp\/v2\/pages\/6\/revisions"}],"predecessor-version":[{"id":1075,"href":"https:\/\/quellencheck.de\/index.php?rest_route=\/wp\/v2\/pages\/6\/revisions\/1075"}],"wp:attachment":[{"href":"https:\/\/quellencheck.de\/index.php?rest_route=%2Fwp%2Fv2%2Fmedia&parent=6"}],"curies":[{"name":"wp","href":"https:\/\/api.w.org\/{rel}","templated":true}]}}