{"id":84,"date":"2015-11-21T19:58:57","date_gmt":"2015-11-21T18:58:57","guid":{"rendered":"http:\/\/quellencheck.de\/?page_id=84"},"modified":"2022-01-24T13:04:04","modified_gmt":"2022-01-24T12:04:04","slug":"pruefpfad-quellen-weiter-identifizieren","status":"publish","type":"page","link":"https:\/\/quellencheck.de\/?page_id=84","title":{"rendered":"Pr\u00fcfpfad | Weitere Quellen identifizieren"},"content":{"rendered":"\n<p>Dann suchen Sie nach weiteren Quellen.<\/p>\n\n\n\n<p>Schreiben Sie daf\u00fcr den Namen in das wei\u00dfe Feld und dr\u00fccken Sie die &#8222;Enter&#8220;-Taste oder klicken auf &#8222;Suche&#8220;. Es wird sich dann eine neue Seite mit den Ergebnissen der Google-Suche \u00f6ffnen. Erfarhungsgem\u00e4\u00df gibt es bei Google viele Ergebnisse. Kopieren Sie sich diese einfach in eine Seite ihres Textverarbeitungsprogrammes (Word o.\u00e4) und sammeln Sie dort auch alle weiteren Informationen.<\/p>\n\n\n\n<p>Wenn Sie eine neue Suche starten wollen, kommen Sie auf diese Seite zur\u00fcck oder schlie\u00dfen Sie die Ergebnisseite mit dem &#8222;X&#8220; oben rechts und geben auf dieser Seite einen weiteren Namen ein. Daf\u00fcr m\u00fcssen Sie den alten Namen komplett \u00fcberschreiben.<\/p>\n\n\n\n<p>Haben Sie alle Informationen, die Sie mit Hilfe von Google finden konnten, ausgewertet und in ihrem Textverarbeitungsprogramm gespeichert?<\/p>\n\n\n\n<div class=\"wp-block-columns is-layout-flex wp-container-3 wp-block-columns-is-layout-flex\">\n<div class=\"wp-block-column is-layout-flow wp-block-column-is-layout-flow\">\n<a href=\"http:\/\/quellencheck.de\/?page_id=201\" class=\"su-button su-button-style-default\" style=\"color:#FFFFFF;background-color:#3e813e;border-color:#326832;border-radius:5px;-moz-border-radius:5px;-webkit-border-radius:5px\" target=\"_self\"><span style=\"color:#FFFFFF;padding:0px 16px;font-size:13px;line-height:26px;border-color:#78a778;border-radius:5px;-moz-border-radius:5px;-webkit-border-radius:5px;text-shadow:none;-moz-text-shadow:none;-webkit-text-shadow:none\"> Ja<\/span><\/a><br><\/p>\n<\/div>\n\n\n\n<div class=\"wp-block-column is-layout-flow wp-block-column-is-layout-flow\"><a href=\"http:\/\/quellencheck.de\/?page_id=84\" class=\"su-button su-button-style-default\" style=\"color:#FFFFFF;background-color:#c82d1b;border-color:#a02416;border-radius:5px;-moz-border-radius:5px;-webkit-border-radius:5px\" target=\"_self\"><span style=\"color:#FFFFFF;padding:0px 16px;font-size:13px;line-height:26px;border-color:#d96c60;border-radius:5px;-moz-border-radius:5px;-webkit-border-radius:5px;text-shadow:none;-moz-text-shadow:none;-webkit-text-shadow:none\"> Nein.<\/span><\/a>\n<\/div>\n<\/div>\n","protected":false},"excerpt":{"rendered":"<p>Dann suchen Sie nach weiteren Quellen. Schreiben Sie daf\u00fcr den Namen in das wei\u00dfe Feld und dr\u00fccken Sie die &#8222;Enter&#8220;-Taste oder klicken auf &#8222;Suche&#8220;. Es wird sich dann eine neue Seite mit den Ergebnissen der Google-Suche \u00f6ffnen. Erfarhungsgem\u00e4\u00df gibt es bei Google viele Ergebnisse. Kopieren Sie sich diese einfach in eine Seite ihres Textverarbeitungsprogrammes (Word [&hellip;]<\/p>\n","protected":false},"author":1,"featured_media":0,"parent":15,"menu_order":5022,"comment_status":"closed","ping_status":"closed","template":"","meta":{"footnotes":""},"_links":{"self":[{"href":"https:\/\/quellencheck.de\/index.php?rest_route=\/wp\/v2\/pages\/84"}],"collection":[{"href":"https:\/\/quellencheck.de\/index.php?rest_route=\/wp\/v2\/pages"}],"about":[{"href":"https:\/\/quellencheck.de\/index.php?rest_route=\/wp\/v2\/types\/page"}],"author":[{"embeddable":true,"href":"https:\/\/quellencheck.de\/index.php?rest_route=\/wp\/v2\/users\/1"}],"replies":[{"embeddable":true,"href":"https:\/\/quellencheck.de\/index.php?rest_route=%2Fwp%2Fv2%2Fcomments&post=84"}],"version-history":[{"count":6,"href":"https:\/\/quellencheck.de\/index.php?rest_route=\/wp\/v2\/pages\/84\/revisions"}],"predecessor-version":[{"id":988,"href":"https:\/\/quellencheck.de\/index.php?rest_route=\/wp\/v2\/pages\/84\/revisions\/988"}],"up":[{"embeddable":true,"href":"https:\/\/quellencheck.de\/index.php?rest_route=\/wp\/v2\/pages\/15"}],"wp:attachment":[{"href":"https:\/\/quellencheck.de\/index.php?rest_route=%2Fwp%2Fv2%2Fmedia&parent=84"}],"curies":[{"name":"wp","href":"https:\/\/api.w.org\/{rel}","templated":true}]}}