{"id":940,"date":"2022-01-08T16:14:40","date_gmt":"2022-01-08T15:14:40","guid":{"rendered":"http:\/\/quellencheck.de\/?page_id=940"},"modified":"2022-01-27T08:21:35","modified_gmt":"2022-01-27T07:21:35","slug":"aktuelle-faktenchekcs","status":"publish","type":"page","link":"https:\/\/quellencheck.de\/?page_id=940","title":{"rendered":"Aktuelle Faktenchecks"},"content":{"rendered":"\n<p>Faktenchecks zeigen sehr genau, wie man strittige Behauptungen, Berichte oder Reportagen auf ihren Wahrheitsgehalt hin untersucht. Am Ende steht dann eine Wertung, ob es sich um Tatsachen handelt oder nicht. Jeder Rechercheschritt wird genau erl\u00e4utert und entsprechende Quellen werden verlinkt. Hier kann jeder, auch Sie, an praktischen Beispielen lernen, wie es geht &#8211; oder auch ganz einfach reinschauen und sehen, ob auch bereits Fragen beantwortet werden, die man selbst hat. <\/p>\n\n\n\n<rssapp-magazine id=\"_j9dTdio6WnLGHoiD\"><\/rssapp-magazine><script src=\"https:\/\/widget.rss.app\/v1\/magazine.js\" type=\"text\/javascript\" async=\"\"><\/script>\n\n\n\n<p>Und jetzt probieren Sie es mit einem Thema, welches Sie gern pr\u00fcfen m\u00f6chten. Zum Pr\u00fcfpfad geht es <a href=\"http:\/\/quellencheck.de\/?page_id=15\">hier<\/a>.<\/p>\n","protected":false},"excerpt":{"rendered":"<p>Faktenchecks zeigen sehr genau, wie man strittige Behauptungen, Berichte oder Reportagen auf ihren Wahrheitsgehalt hin untersucht. Am Ende steht dann eine Wertung, ob es sich um Tatsachen handelt oder nicht. Jeder Rechercheschritt wird genau erl\u00e4utert und entsprechende Quellen werden verlinkt. Hier kann jeder, auch Sie, an praktischen Beispielen lernen, wie es geht &#8211; oder auch [&hellip;]<\/p>\n","protected":false},"author":1,"featured_media":0,"parent":6,"menu_order":5800,"comment_status":"closed","ping_status":"closed","template":"","meta":{"footnotes":""},"_links":{"self":[{"href":"https:\/\/quellencheck.de\/index.php?rest_route=\/wp\/v2\/pages\/940"}],"collection":[{"href":"https:\/\/quellencheck.de\/index.php?rest_route=\/wp\/v2\/pages"}],"about":[{"href":"https:\/\/quellencheck.de\/index.php?rest_route=\/wp\/v2\/types\/page"}],"author":[{"embeddable":true,"href":"https:\/\/quellencheck.de\/index.php?rest_route=\/wp\/v2\/users\/1"}],"replies":[{"embeddable":true,"href":"https:\/\/quellencheck.de\/index.php?rest_route=%2Fwp%2Fv2%2Fcomments&post=940"}],"version-history":[{"count":6,"href":"https:\/\/quellencheck.de\/index.php?rest_route=\/wp\/v2\/pages\/940\/revisions"}],"predecessor-version":[{"id":954,"href":"https:\/\/quellencheck.de\/index.php?rest_route=\/wp\/v2\/pages\/940\/revisions\/954"}],"up":[{"embeddable":true,"href":"https:\/\/quellencheck.de\/index.php?rest_route=\/wp\/v2\/pages\/6"}],"wp:attachment":[{"href":"https:\/\/quellencheck.de\/index.php?rest_route=%2Fwp%2Fv2%2Fmedia&parent=940"}],"curies":[{"name":"wp","href":"https:\/\/api.w.org\/{rel}","templated":true}]}}