{"id":97,"date":"2015-11-22T11:20:51","date_gmt":"2015-11-22T10:20:51","guid":{"rendered":"http:\/\/quellencheck.de\/?page_id=97"},"modified":"2023-07-21T18:49:18","modified_gmt":"2023-07-21T16:49:18","slug":"autor","status":"publish","type":"page","link":"https:\/\/quellencheck.de\/?page_id=97","title":{"rendered":"Autor"},"content":{"rendered":"\n<figure class=\"wp-block-image size-large\"><img decoding=\"async\" loading=\"lazy\" width=\"1024\" height=\"576\" src=\"http:\/\/quellencheck.de\/wp-content\/uploads\/2015\/12\/2015-03-01-09.23.56-1024x576.jpg\" alt=\"Michael Vo\u00df, Autor der Seite QuellenCheck\" class=\"wp-image-504\" srcset=\"https:\/\/quellencheck.de\/wp-content\/uploads\/2015\/12\/2015-03-01-09.23.56-1024x576.jpg 1024w, https:\/\/quellencheck.de\/wp-content\/uploads\/2015\/12\/2015-03-01-09.23.56-300x169.jpg 300w, https:\/\/quellencheck.de\/wp-content\/uploads\/2015\/12\/2015-03-01-09.23.56-768x432.jpg 768w, https:\/\/quellencheck.de\/wp-content\/uploads\/2015\/12\/2015-03-01-09.23.56.jpg 1517w\" sizes=\"(max-width: 1024px) 100vw, 1024px\" \/><figcaption class=\"wp-element-caption\">Michael Vo\u00df, Autor der Seite QuellenCheck<\/figcaption><\/figure>\n\n\n\n<blockquote class=\"wp-block-quote\">\n<p><em> &#8222;Ich finde es erschreckend, wie schnell Menschen L\u00fcgen und Unwahrheiten verbreiten. Die meisten von ihnen machen das nicht bewusst, sondern glauben selbst auch daran. Dagegen m\u00f6chte ich etwas tun.&#8220; <\/em><\/p>\n<cite> <em>Michael Vo\u00df <\/em> <\/cite><\/blockquote>\n\n\n\n<p>Michael Vo\u00df ist Journalist. F\u00fcr ein Nachrichtangebot arbeitet er als Chef vom Dienst (CvD) und Redakteur vom Dienst (RvD). Als Experte f\u00fcr digitale Themen ist er \u00f6fter zu Gespr\u00e4chen im Studio, sowohl beim Radio als auch im Fernsehen, und berichtet auch selbst \u00fcber Internet, Computer, Smartphones und Sicherheitsl\u00fccken. <\/p>\n\n\n\n<p>Privat produziert Michael Vo\u00df den Podcast \u201c<a rel=\"noreferrer noopener\" href=\"http:\/\/www.journalist-und-christ.de\/\" target=\"_blank\">Journalist und Christ<\/a>\u201c.<\/p>\n\n\n\n<p>Diese Seite ist sein privates Angebot.<\/p>\n\n\n\n<h2 class=\"wp-block-heading\" id=\"berufliche-stationen\">Berufliche Stationen <\/h2>\n\n\n\n<ul>\n<li>Dezember 2017, 2018, 2019, 2020 und 2021: Leiter des ARD-H\u00f6rfunkpools auf dem Chaos Computer Congress, Leipzig<\/li>\n\n\n\n<li>2016-2021: Mitglied im Vorstand der Christlichen Medieninitiative pro e.V., Wetzlar (2017-2021: Vorstandsvorsitzender)<\/li>\n\n\n\n<li>Oktober\/November 2016: Vertretung als H\u00f6rfunk-Korrespondent im Hauptstadtb\u00fcro, Berlin<\/li>\n\n\n\n<li>2015, 2016, 2018, 2019 und 2022: ARD-H\u00f6rfunkpool auf der Internationalen Funkausstellung IFA, Berlin<\/li>\n\n\n\n<li>2015: ARD-H\u00f6rfunkpool, Mobile World Congress in Barcelona<\/li>\n\n\n\n<li>seit 2011: Mitteldeutscher Rundfunk, MDR Aktuell &#8211; Das Nachrichtenradio (vormals: MDR INFO), Redakteur m.b.A., CvD, RvD, Autor und zust\u00e4ndig f\u00fcr die Berichterstattung aus der digitalen Welt, zun\u00e4chst in Halle, seit 2021 in Leipzig<\/li>\n\n\n\n<li>2009 \u2013 2011: Mitteldeutscher Rundfunk, MDR INFO, Redakteur m.b.A., Projekt Nachrichten im Video, Leipzig<\/li>\n\n\n\n<li>2008 \u2013 2014: Redaktionsleiter GEISTbewegt!, Zeitschrift des Bundes Freikirchlicher Pfingstgemeinden (BFP), K.d.\u00f6.R<\/li>\n\n\n\n<li>2008: Mitteldeutscher Rundfunk, MDR INFO, Redakteur m.b.A., Projekt Handy-TV, Leipzig und Halle<\/li>\n\n\n\n<li>2007: Mitteldeutscher Rundfunk, MDR Sputnik, Redakteur m.b.A., Vorbereitung Projekt Handy-TV, Halle<\/li>\n\n\n\n<li>2005 \u2013 2007: Mitteldeutscher Rundfunk, Redaktionsleiter Neue Medien, Leipzig<\/li>\n\n\n\n<li>1996 \u2013 2005: Mitteldeutscher Rundfunk, Fernsehnachrichten MDR aktuell, CvD und RvD \/ Dresden und Leipzig<\/li>\n\n\n\n<li>1994 \u2013 1996: FC Ingeneria y Construccion, Verwaltungsgesch\u00e4ftsf\u00fchrer \/ Ciudad de Guatemala, Guatemala<\/li>\n\n\n\n<li>1991 \u2013 1994: Mitteldeutscher Rundfunk, stv. Leiter der Nachrichtenredaktion, Landesfunkhaus Sachsen-Anhalt \/ Magdeburg und Halle<\/li>\n\n\n\n<li>1989 \u2013 1991: Norddeutscher Rundfunk, freier Mitarbeiter Hamburger Journal \/ Hamburg<\/li>\n\n\n\n<li>1987 \u2013 1989: F\u00fchrungsakademie der Bundeswehr, Pressestelle, Wehrdienst \/ Hamburg<\/li>\n\n\n\n<li>1985 \u2013 1987: Norddeutscher Rundfunk, Volontariat \/ Hamburg, Hannover, Kiel, Oldenburg<\/li>\n\n\n\n<li>1984 \u2013 1991: Niendorfer Wochenblatt, freier Mitarbeiter \/ Hamburg<\/li>\n<\/ul>\n\n\n\n<p> Weitere Informationen \u00fcber Michael Vo\u00df erhalten Sie auf seiner Homepage <a rel=\"noreferrer noopener\" href=\"http:\/\/michael-voss.eu\/\" target=\"_blank\">www.michael-voss.eu<\/a>. <\/p>\n","protected":false},"excerpt":{"rendered":"<p>&#8222;Ich finde es erschreckend, wie schnell Menschen L\u00fcgen und Unwahrheiten verbreiten. Die meisten von ihnen machen das nicht bewusst, sondern glauben selbst auch daran. Dagegen m\u00f6chte ich etwas tun.&#8220; Michael Vo\u00df Michael Vo\u00df ist Journalist. F\u00fcr ein Nachrichtangebot arbeitet er als Chef vom Dienst (CvD) und Redakteur vom Dienst (RvD). Als Experte f\u00fcr digitale Themen [&hellip;]<\/p>\n","protected":false},"author":1,"featured_media":0,"parent":0,"menu_order":7000,"comment_status":"closed","ping_status":"closed","template":"","meta":{"footnotes":""},"_links":{"self":[{"href":"https:\/\/quellencheck.de\/index.php?rest_route=\/wp\/v2\/pages\/97"}],"collection":[{"href":"https:\/\/quellencheck.de\/index.php?rest_route=\/wp\/v2\/pages"}],"about":[{"href":"https:\/\/quellencheck.de\/index.php?rest_route=\/wp\/v2\/types\/page"}],"author":[{"embeddable":true,"href":"https:\/\/quellencheck.de\/index.php?rest_route=\/wp\/v2\/users\/1"}],"replies":[{"embeddable":true,"href":"https:\/\/quellencheck.de\/index.php?rest_route=%2Fwp%2Fv2%2Fcomments&post=97"}],"version-history":[{"count":44,"href":"https:\/\/quellencheck.de\/index.php?rest_route=\/wp\/v2\/pages\/97\/revisions"}],"predecessor-version":[{"id":1072,"href":"https:\/\/quellencheck.de\/index.php?rest_route=\/wp\/v2\/pages\/97\/revisions\/1072"}],"wp:attachment":[{"href":"https:\/\/quellencheck.de\/index.php?rest_route=%2Fwp%2Fv2%2Fmedia&parent=97"}],"curies":[{"name":"wp","href":"https:\/\/api.w.org\/{rel}","templated":true}]}}